{"id":10948,"date":"2023-06-26T10:33:38","date_gmt":"2023-06-26T10:33:38","guid":{"rendered":"https:\/\/ampofoundry.com\/?page_id=10948"},"modified":"2023-10-10T10:42:31","modified_gmt":"2023-10-10T10:42:31","slug":"aviso-legal","status":"publish","type":"page","link":"https:\/\/ampofoundry.com\/es\/aviso-legal\/","title":{"rendered":"Aviso legal"},"content":{"rendered":"<table style=\"border-collapse: collapse; width: 100%; border-radius: 0;\" border=\"1\">\n<tbody style=\"border-radius: 6px; border: 1px solid #6C6969;\">\n<tr>\n<td style=\"width: 50%;\"><span style=\"font-weight: 400;\">DENOMINACI\u00d3N SOCIAL<\/span><\/td>\n<td style=\"width: 50%;\"><span style=\"font-weight: 400;\">AMPO SOCIEDAD COOPERATIVA (NIF F-20027090)<\/span><\/td>\n<\/tr>\n<tr>\n<td style=\"width: 50%;\"><span style=\"font-weight: 400;\">DOMICILIO SOCIAL<\/span><\/td>\n<td style=\"width: 50%;\"><span style=\"font-weight: 400;\">Barrio Katea, s\/n<br \/>\n<\/span><span style=\"font-weight: 400;\">CP 20213 Idiazabal- Gipuzkoa (Espa\u00f1a)<\/span><\/td>\n<\/tr>\n<tr>\n<td style=\"width: 50%;\"><span style=\"font-weight: 400;\">TEL\u00c9FONO<\/span><\/td>\n<td style=\"width: 50%;\"><span style=\"font-weight: 400;\">+34 943\u00a0188\u00a0000<\/span><\/td>\n<\/tr>\n<tr>\n<td style=\"width: 50%;\"><span style=\"font-weight: 400;\">INSCRIPCI\u00d3N REGISTRAL<\/span><\/td>\n<td style=\"width: 50%;\"><span style=\"font-weight: 400;\">Registro de Cooperativas de Euskadi con los siguientes datos: N\u00ba 86.3.229<\/span><\/td>\n<\/tr>\n<\/tbody>\n<\/table>\n<p>&nbsp;<\/p>\n<p><b>Finalidad del sitio Web y condiciones generales de uso<\/b><\/p>\n<p><span style=\"font-weight: 400;\">AMPO SOCIEDAD COOPERATIVA pone a disposici\u00f3n de los usuarios de Internet el presente sitio Web, con el fin de promocionar su propia imagen y proporcionar informaci\u00f3n sobre sus productos y servicios.<\/span><\/p>\n<p><span style=\"font-weight: 400;\">Las presentes condiciones generales de uso tienen por finalidad regular tanto la puesta a disposici\u00f3n de la informaci\u00f3n, como las relaciones entre AMPO SOCIEDAD COOPERATIVA y los usuarios del sitio.<\/span><\/p>\n<p><b>Potestad de modificaci\u00f3n<\/b><\/p>\n<p><span style=\"font-weight: 400;\">AMPO SOCIEDAD COOPERATIVA podr\u00e1 en todo momento, y sin previo aviso, modificar las presentes condiciones mediante la publicaci\u00f3n de dichas modificaciones en el sitio Web con el fin de que puedan ser conocidas por los usuarios.<\/span><\/p>\n<p><b>Propiedad intelectual e industrial.-<\/b><span style=\"font-weight: 400;\"> Todos los contenidos que se muestran en el sitio web \u201cwww.ampo.com\u201d y, en especial, dise\u00f1os, textos, gr\u00e1ficos, logos, iconos, botones, software, nombres comerciales, marcas, dibujos industriales o cualesquiera otros signos susceptibles de utilizaci\u00f3n industrial y comercial est\u00e1n sujetos a derechos de propiedad intelectual o industrial de AMPO SOCIEDAD COOPERATIVA o, en su caso, de terceros titulares de los mismos que han autorizado debidamente su inclusi\u00f3n en el sitio web.<\/span><\/p>\n<p><span style=\"font-weight: 400;\">En relaci\u00f3n con los contenidos del presente sitio web, en ning\u00fan caso se entender\u00e1 que se concede licencia alguna o que se efect\u00faa ninguna renuncia o transmisi\u00f3n de derechos \u2013ni total ni parcial-\u00a0 en materia de propiedad intelectual e industrial.<\/span><\/p>\n<p><span style=\"font-weight: 400;\">\u00danicamente se autoriza el establecimiento de enlaces\/links a la p\u00e1gina de inicio del sitio web \u201cwww.ampo.com\u201d. Se proh\u00edbe expresamente el empleo de t\u00e9cnicas de \u201cframming\u201d, \u201cdeeplinking\u201d u otras similares.<\/span><\/p>\n<p><b>Obligaciones del usuario.- <\/b><span style=\"font-weight: 400;\">Con car\u00e1cter general, el usuario se obliga al cumplimiento de las presentes condiciones de uso y, en su caso, de las condiciones particulares que fueran de aplicaci\u00f3n, as\u00ed como a cumplir las especiales advertencias e instrucciones contenidas en las mismas o en cualquier otro lugar del sitio Web, y a obrar siempre conforme a la ley, a las buenas costumbres y a las exigencias de la buena fe, empleando la diligencia adecuada a la naturaleza del servicio, absteni\u00e9ndose de utilizar el sitio web de cualquier forma que pueda impedir, da\u00f1ar o deteriorar el normal funcionamiento del mismo, los bienes o derechos de AMPO SOCIEDAD COOPERATIVA de sus proveedores, colaboradores, usuarios o, en general, de cualquier tercero.<\/span><\/p>\n<p><span style=\"font-weight: 400;\">El usuario se obliga, en la utilizaci\u00f3n de este sitio Web, as\u00ed como en la prestaci\u00f3n de los servicios, con car\u00e1cter enunciativo y no limitativo, a:<\/span><\/p>\n<ul>\n<li style=\"font-weight: 400;\" aria-level=\"1\"><span style=\"font-weight: 400;\">En caso de utilizaci\u00f3n de formularios, a proporcionar datos veraces.<\/span><\/li>\n<li style=\"font-weight: 400;\" aria-level=\"1\"><span style=\"font-weight: 400;\">Custodiar adecuadamente las claves de acceso que le puedan ser facilitadas por AMPO SOCIEDAD COOPERATIVA, comprometi\u00e9ndose a no permitir su utilizaci\u00f3n por parte de terceros, asumiendo la responsabilidad por los da\u00f1os y perjuicios que pudieran derivarse de un uso indebido de las mismas. Igualmente, el usuario se compromete a comunicar a AMPO SOCIEDAD COOPERATIVA. con la mayor rapidez, su p\u00e9rdida o robo, as\u00ed como cualquier riesgo de acceso a la informaci\u00f3n sobre el sistema de acceso por parte de un tercero.<\/span><\/li>\n<li style=\"font-weight: 400;\" aria-level=\"1\"><span style=\"font-weight: 400;\">No utilizar identidades falsas, ni suplantar la identidad de otros en la utilizaci\u00f3n del sitio Web, incluyendo la utilizaci\u00f3n en su caso de contrase\u00f1as o claves de acceso de terceros o de cualquier otra forma.<\/span><\/li>\n<\/ul>\n<p><b>Exclusi\u00f3n de garant\u00edas y responsabilidad. &#8211; <\/b><span style=\"font-weight: 400;\">El acceso al sitio web \u201cwww.ampo.com puede verse ocasionalmente suspendido o restringido para permitir reparaciones, tareas de mantenimiento o introducci\u00f3n de nuevas instalaciones o servicios. AMPO SOCIEDAD COOPERATIVA invertir\u00e1 esfuerzos razonables para limitar la frecuencia y la duraci\u00f3n de dicha suspensi\u00f3n o restricci\u00f3n. No obstante, podr\u00e1 suspender, retirar o cancelar parcial o totalmente los contenidos y servicios no sometidos a contrataci\u00f3n espec\u00edfica en cualquier momento y sin necesidad de aviso previo. La previsi\u00f3n anterior no afectar\u00e1 a aquellos servicios contratados espec\u00edficamente por usuarios registrados y que se regir\u00e1n por sus condiciones contractuales correspondientes.<\/span><\/p>\n<p><span style=\"font-weight: 400;\">La conexi\u00f3n a Internet, necesaria para acceder al servicio, no es en ning\u00fan caso suministrada por AMPO SOCIEDAD COOPERATIVA Se informa al usuario de que las comunicaciones de datos a trav\u00e9s de redes abiertas no son seguras, y que es responsabilidad del usuario adoptar todas las medidas t\u00e9cnicas adecuadas para controlar razonablemente los riesgos y evitar posibles da\u00f1os en sus equipos, p\u00e9rdida de datos y robo de informaci\u00f3n confidencial. A estos efectos, debe tener sistemas actualizados de detecci\u00f3n de software malicioso, as\u00ed como tener actualizados los parches de seguridad de los correspondientes navegadores que utilice. Para m\u00e1s informaci\u00f3n puede acudir a su Proveedor de Servicios de Acceso a Internet.<\/span><\/p>\n<p><span style=\"font-weight: 400;\">AMPO SOCIEDAD COOPERATIVA no se hace responsable de los perjuicios que se pudieran derivar de, con car\u00e1cter meramente enunciativo y no limitativo: (i) Inferencias, omisiones, interrupciones, virus inform\u00e1ticos, aver\u00edas y\/o desconexiones en el funcionamiento operativo de este sistema electr\u00f3nico o en los aparatos y equipos inform\u00e1ticos de los usuarios, motivadas por causas no imputables a AMPO SOCIEDAD COOPERATIVA, que impidan o retrasen la prestaci\u00f3n de los servicios o la navegaci\u00f3n por el sistema; (ii) Retrasos o bloqueos en el uso causados por deficiencias o sobrecargas de Internet o en otros sistemas electr\u00f3nicos; (iii) Que puedan ser causados por terceras personas mediante intromisiones no atribuibles a AMPO SOCIEDAD COOPERATIVA; (iv) De la imposibilidad de prestar el servicio o permitir el acceso por causas no imputables AMPO SOCIEDAD COOPERATIVA, ya sean debidas al usuario, a terceros, o a supuestos de fuerza mayor.<\/span><\/p>\n<p><span style=\"font-weight: 400;\">Los enlaces contenidos en este sitio web pueden dirigir a p\u00e1ginas web de terceros. AMPO SOCIEDAD COOPERATIVA no asume ninguna responsabilidad derivada de la conexi\u00f3n, contenidos, informaciones o servicios que pudieran aparecer en dichos sitios, que tendr\u00e1n exclusivamente car\u00e1cter informativo y que en ning\u00fan caso implican relaci\u00f3n alguna entre AMPO SOCIEDAD COOPERATIVA y las personas o entidades titulares de tales contenidos o titulares de los sitios donde se encuentren.<\/span><\/p>\n<p><b>Legislaci\u00f3n aplicable y jurisdicci\u00f3n. &#8211; <\/b><span style=\"font-weight: 400;\">Los t\u00e9rminos y condiciones que rigen este sitio web se rige por la legislaci\u00f3n espa\u00f1ola.<\/span><\/p>\n","protected":false},"excerpt":{"rendered":"<p>DENOMINACI\u00d3N SOCIAL AMPO SOCIEDAD COOPERATIVA (NIF F-20027090) DOMICILIO SOCIAL Barrio Katea, s\/n CP 20213 Idiazabal- Gipuzkoa (Espa\u00f1a) TEL\u00c9FONO +34 943\u00a0188\u00a0000 INSCRIPCI\u00d3N REGISTRAL Registro de Cooperativas de Euskadi con los siguientes datos: N\u00ba 86.3.229 &nbsp; Finalidad del sitio Web y condiciones generales de uso AMPO SOCIEDAD COOPERATIVA pone a disposici\u00f3n de los usuarios de Internet el [&hellip;]<\/p>\n","protected":false},"author":1,"featured_media":0,"parent":0,"menu_order":0,"comment_status":"closed","ping_status":"closed","template":"","meta":{"_acf_changed":false,"inline_featured_image":false,"footnotes":""},"class_list":["post-10948","page","type-page","status-publish","hentry"],"acf":[],"yoast_head":"<!-- This site is optimized with the Yoast SEO plugin v26.0 - https:\/\/yoast.com\/wordpress\/plugins\/seo\/ -->\n<title>Aviso legal - Ampo Foundry<\/title>\n<meta name=\"robots\" content=\"index, follow, max-snippet:-1, max-image-preview:large, max-video-preview:-1\" \/>\n<link rel=\"canonical\" href=\"https:\/\/ampofoundry.com\/es\/aviso-legal\/\" \/>\n<meta property=\"og:locale\" content=\"es_ES\" \/>\n<meta property=\"og:type\" content=\"article\" \/>\n<meta property=\"og:title\" content=\"Aviso legal - Ampo Foundry\" \/>\n<meta property=\"og:description\" content=\"DENOMINACI\u00d3N SOCIAL AMPO SOCIEDAD COOPERATIVA (NIF F-20027090) DOMICILIO SOCIAL Barrio Katea, s\/n CP 20213 Idiazabal- Gipuzkoa (Espa\u00f1a) TEL\u00c9FONO +34 943\u00a0188\u00a0000 INSCRIPCI\u00d3N REGISTRAL Registro de Cooperativas de Euskadi con los siguientes datos: N\u00ba 86.3.229 &nbsp; Finalidad del sitio Web y condiciones generales de uso AMPO SOCIEDAD COOPERATIVA pone a disposici\u00f3n de los usuarios de Internet el [&hellip;]\" \/>\n<meta property=\"og:url\" content=\"https:\/\/ampofoundry.com\/es\/aviso-legal\/\" \/>\n<meta property=\"og:site_name\" content=\"Ampo Foundry\" \/>\n<meta property=\"article:modified_time\" content=\"2023-10-10T10:42:31+00:00\" \/>\n<meta name=\"twitter:card\" content=\"summary_large_image\" \/>\n<meta name=\"twitter:label1\" content=\"Tiempo de lectura\" \/>\n\t<meta name=\"twitter:data1\" content=\"5 minutos\" \/>\n<script type=\"application\/ld+json\" class=\"yoast-schema-graph\">{\"@context\":\"https:\/\/schema.org\",\"@graph\":[{\"@type\":\"WebPage\",\"@id\":\"https:\/\/ampofoundry.com\/es\/aviso-legal\/\",\"url\":\"https:\/\/ampofoundry.com\/es\/aviso-legal\/\",\"name\":\"Aviso legal - Ampo Foundry\",\"isPartOf\":{\"@id\":\"https:\/\/ampofoundry.com\/es\/#website\"},\"datePublished\":\"2023-06-26T10:33:38+00:00\",\"dateModified\":\"2023-10-10T10:42:31+00:00\",\"breadcrumb\":{\"@id\":\"https:\/\/ampofoundry.com\/es\/aviso-legal\/#breadcrumb\"},\"inLanguage\":\"es\",\"potentialAction\":[{\"@type\":\"ReadAction\",\"target\":[\"https:\/\/ampofoundry.com\/es\/aviso-legal\/\"]}]},{\"@type\":\"BreadcrumbList\",\"@id\":\"https:\/\/ampofoundry.com\/es\/aviso-legal\/#breadcrumb\",\"itemListElement\":[{\"@type\":\"ListItem\",\"position\":1,\"name\":\"Portada\",\"item\":\"https:\/\/ampofoundry.com\/es\/\"},{\"@type\":\"ListItem\",\"position\":2,\"name\":\"Aviso legal\"}]},{\"@type\":\"WebSite\",\"@id\":\"https:\/\/ampofoundry.com\/es\/#website\",\"url\":\"https:\/\/ampofoundry.com\/es\/\",\"name\":\"Ampo Foundry & Forgings\",\"description\":\"\",\"publisher\":{\"@id\":\"https:\/\/ampofoundry.com\/es\/#organization\"},\"potentialAction\":[{\"@type\":\"SearchAction\",\"target\":{\"@type\":\"EntryPoint\",\"urlTemplate\":\"https:\/\/ampofoundry.com\/es\/?s={search_term_string}\"},\"query-input\":{\"@type\":\"PropertyValueSpecification\",\"valueRequired\":true,\"valueName\":\"search_term_string\"}}],\"inLanguage\":\"es\"},{\"@type\":\"Organization\",\"@id\":\"https:\/\/ampofoundry.com\/es\/#organization\",\"name\":\"Ampo Foundry & Forgings\",\"url\":\"https:\/\/ampofoundry.com\/es\/\",\"logo\":{\"@type\":\"ImageObject\",\"inLanguage\":\"es\",\"@id\":\"https:\/\/ampofoundry.com\/es\/#\/schema\/logo\/image\/\",\"url\":\"https:\/\/ampofoundry.com\/wp-content\/uploads\/2023\/09\/logo-foundry-forgings.png\",\"contentUrl\":\"https:\/\/ampofoundry.com\/wp-content\/uploads\/2023\/09\/logo-foundry-forgings.png\",\"width\":386,\"height\":194,\"caption\":\"Ampo Foundry & Forgings\"},\"image\":{\"@id\":\"https:\/\/ampofoundry.com\/es\/#\/schema\/logo\/image\/\"}}]}<\/script>\n<!-- \/ Yoast SEO plugin. -->","yoast_head_json":{"title":"Aviso legal - Ampo Foundry","robots":{"index":"index","follow":"follow","max-snippet":"max-snippet:-1","max-image-preview":"max-image-preview:large","max-video-preview":"max-video-preview:-1"},"canonical":"https:\/\/ampofoundry.com\/es\/aviso-legal\/","og_locale":"es_ES","og_type":"article","og_title":"Aviso legal - Ampo Foundry","og_description":"DENOMINACI\u00d3N SOCIAL AMPO SOCIEDAD COOPERATIVA (NIF F-20027090) DOMICILIO SOCIAL Barrio Katea, s\/n CP 20213 Idiazabal- Gipuzkoa (Espa\u00f1a) TEL\u00c9FONO +34 943\u00a0188\u00a0000 INSCRIPCI\u00d3N REGISTRAL Registro de Cooperativas de Euskadi con los siguientes datos: N\u00ba 86.3.229 &nbsp; Finalidad del sitio Web y condiciones generales de uso AMPO SOCIEDAD COOPERATIVA pone a disposici\u00f3n de los usuarios de Internet el [&hellip;]","og_url":"https:\/\/ampofoundry.com\/es\/aviso-legal\/","og_site_name":"Ampo Foundry","article_modified_time":"2023-10-10T10:42:31+00:00","twitter_card":"summary_large_image","twitter_misc":{"Tiempo de lectura":"5 minutos"},"schema":{"@context":"https:\/\/schema.org","@graph":[{"@type":"WebPage","@id":"https:\/\/ampofoundry.com\/es\/aviso-legal\/","url":"https:\/\/ampofoundry.com\/es\/aviso-legal\/","name":"Aviso legal - Ampo Foundry","isPartOf":{"@id":"https:\/\/ampofoundry.com\/es\/#website"},"datePublished":"2023-06-26T10:33:38+00:00","dateModified":"2023-10-10T10:42:31+00:00","breadcrumb":{"@id":"https:\/\/ampofoundry.com\/es\/aviso-legal\/#breadcrumb"},"inLanguage":"es","potentialAction":[{"@type":"ReadAction","target":["https:\/\/ampofoundry.com\/es\/aviso-legal\/"]}]},{"@type":"BreadcrumbList","@id":"https:\/\/ampofoundry.com\/es\/aviso-legal\/#breadcrumb","itemListElement":[{"@type":"ListItem","position":1,"name":"Portada","item":"https:\/\/ampofoundry.com\/es\/"},{"@type":"ListItem","position":2,"name":"Aviso legal"}]},{"@type":"WebSite","@id":"https:\/\/ampofoundry.com\/es\/#website","url":"https:\/\/ampofoundry.com\/es\/","name":"Ampo Foundry & Forgings","description":"","publisher":{"@id":"https:\/\/ampofoundry.com\/es\/#organization"},"potentialAction":[{"@type":"SearchAction","target":{"@type":"EntryPoint","urlTemplate":"https:\/\/ampofoundry.com\/es\/?s={search_term_string}"},"query-input":{"@type":"PropertyValueSpecification","valueRequired":true,"valueName":"search_term_string"}}],"inLanguage":"es"},{"@type":"Organization","@id":"https:\/\/ampofoundry.com\/es\/#organization","name":"Ampo Foundry & Forgings","url":"https:\/\/ampofoundry.com\/es\/","logo":{"@type":"ImageObject","inLanguage":"es","@id":"https:\/\/ampofoundry.com\/es\/#\/schema\/logo\/image\/","url":"https:\/\/ampofoundry.com\/wp-content\/uploads\/2023\/09\/logo-foundry-forgings.png","contentUrl":"https:\/\/ampofoundry.com\/wp-content\/uploads\/2023\/09\/logo-foundry-forgings.png","width":386,"height":194,"caption":"Ampo Foundry & Forgings"},"image":{"@id":"https:\/\/ampofoundry.com\/es\/#\/schema\/logo\/image\/"}}]}},"_links":{"self":[{"href":"https:\/\/ampofoundry.com\/es\/wp-json\/wp\/v2\/pages\/10948","targetHints":{"allow":["GET"]}}],"collection":[{"href":"https:\/\/ampofoundry.com\/es\/wp-json\/wp\/v2\/pages"}],"about":[{"href":"https:\/\/ampofoundry.com\/es\/wp-json\/wp\/v2\/types\/page"}],"author":[{"embeddable":true,"href":"https:\/\/ampofoundry.com\/es\/wp-json\/wp\/v2\/users\/1"}],"replies":[{"embeddable":true,"href":"https:\/\/ampofoundry.com\/es\/wp-json\/wp\/v2\/comments?post=10948"}],"version-history":[{"count":8,"href":"https:\/\/ampofoundry.com\/es\/wp-json\/wp\/v2\/pages\/10948\/revisions"}],"predecessor-version":[{"id":10956,"href":"https:\/\/ampofoundry.com\/es\/wp-json\/wp\/v2\/pages\/10948\/revisions\/10956"}],"wp:attachment":[{"href":"https:\/\/ampofoundry.com\/es\/wp-json\/wp\/v2\/media?parent=10948"}],"curies":[{"name":"wp","href":"https:\/\/api.w.org\/{rel}","templated":true}]}}