{"id":10957,"date":"2023-05-17T08:58:01","date_gmt":"2023-05-17T08:58:01","guid":{"rendered":"https:\/\/ampofoundry.com\/?page_id=10957"},"modified":"2023-10-10T10:39:22","modified_gmt":"2023-10-10T10:39:22","slug":"politica-de-privacidad","status":"publish","type":"page","link":"https:\/\/ampofoundry.com\/es\/politica-de-privacidad\/","title":{"rendered":"Pol\u00edtica de privacidad"},"content":{"rendered":"<h3><span style=\"font-weight: 400;\">\u00bfQUI\u00c9N ES EL RESPONSABLE DE TRATAMIENTO DE SUS DATOS?<\/span><\/h3>\n<p><span style=\"font-weight: 400;\">AMPO SOCIEDAD COOPERATIVA (AMPO)<\/span><\/p>\n<p><span style=\"font-weight: 400;\">NIF F-20027090<\/span><\/p>\n<p><span style=\"font-weight: 400;\">Barrio Katea S\/N CP 20213 Idiazabal \u2013 Gipuzkoa (Espa\u00f1a)<\/span><\/p>\n<h3><span style=\"font-weight: 400;\">\u00bfQU\u00c9 DATOS PERSONALES SON OBJETO DE TRATAMIENTO POR PARTE DE AMPO?<\/span><\/h3>\n<p><span style=\"font-weight: 400;\">A trav\u00e9s de este sitio web AMPO trata los datos personales incluidos en los formularios publicados en el mismo y enviados por el usuario; as\u00ed como los datos personales obtenidos a trav\u00e9s del an\u00e1lisis de navegaci\u00f3n realizado mediante cookies y otras herramientas similares en el caso de haber sido aceptadas.<\/span><\/p>\n<p><span style=\"font-weight: 400;\">Por otra parte, en el \u00e1mbito general de su gesti\u00f3n empresarial, AMPO trata datos personales de car\u00e1cter profesional referidos a las personas f\u00edsicas que intervienen en representaci\u00f3n de proveedores y clientes vinculados a las relaciones comerciales y contractuales establecidas con AMPO; as\u00ed como los datos personales de sus socios-trabajadores, trabajadores no cooperativistas y del resto del personal.<\/span><\/p>\n<h3><span style=\"font-weight: 400;\">\u00bfCON QU\u00c9 FINALIDAD Y BASE DE LEGITIMACI\u00d3N TRATAMOS SUS DATOS?<\/span><\/h3>\n<ul>\n<li style=\"font-weight: 400;\" aria-level=\"1\"><span style=\"font-weight: 400;\">Atenci\u00f3n de consultas y solicitudes de informaci\u00f3n general dirigidas a AMPO. Base de legitimaci\u00f3n: consentimiento del interesado vinculado al env\u00edo de la solicitud mediante el formulario \u201cContacto\u201d.<\/span><\/li>\n<li style=\"font-weight: 400;\" aria-level=\"1\"><span style=\"font-weight: 400;\">Gesti\u00f3n de <\/span><i><span style=\"font-weight: 400;\">curriculum vitae <\/span><\/i><span style=\"font-weight: 400;\">de cara a su inclusi\u00f3n en procesos de selecci\u00f3n. Base de legitimaci\u00f3n: aplicaci\u00f3n de medidas precontractuales y consentimiento del interesado vinculado al env\u00edo de la solicitud mediante el formulario \u201c\u00danete a nosotros\u201d.<\/span><\/li>\n<li style=\"font-weight: 400;\" aria-level=\"1\"><span style=\"font-weight: 400;\">Cumplimiento de las obligaciones derivadas de contratos. Base legal de legitimaci\u00f3n:\u00a0 necesidad para la ejecuci\u00f3n de contrato.<\/span><\/li>\n<li style=\"font-weight: 400;\" aria-level=\"1\"><span style=\"font-weight: 400;\">En el caso de datos personales de car\u00e1cter profesional de representantes legales y comerciales de personas jur\u00eddicas, la finalidad del tratamiento ser\u00e1 posibilitar el mantenimiento de relaciones con las entidades a las que los interesados representan. Base de legitimaci\u00f3n: existencia de inter\u00e9s leg\u00edtimo.<\/span><\/li>\n<li style=\"font-weight: 400;\" aria-level=\"1\"><span style=\"font-weight: 400;\">Cumplimiento de obligaciones legales en materia fiscal, contable y administrativa derivadas de la relaci\u00f3n contractual establecida. Base legal de legitimaci\u00f3n: cumplimiento de obligaci\u00f3n legal.<\/span><\/li>\n<li style=\"font-weight: 400;\" aria-level=\"1\"><span style=\"font-weight: 400;\">Env\u00edo de informaci\u00f3n comercial a nuestros clientes, por cualquier medio -incluidas comunicaciones electr\u00f3nicas- sobre productos y\/o servicios similares a los contratados previamente. Base legal: existencia de inter\u00e9s leg\u00edtimo.<\/span><\/li>\n<li style=\"font-weight: 400;\" aria-level=\"1\"><span style=\"font-weight: 400;\">En caso de consentimiento, env\u00edo de mensajes de prospecci\u00f3n comercial, por cualquier medio, incluido el electr\u00f3nico. Base legal de legitimaci\u00f3n: consentimiento expreso del interesado.<\/span><\/li>\n<li style=\"font-weight: 400;\" aria-level=\"1\"><span style=\"font-weight: 400;\">Gesti\u00f3n de cookies no exceptuadas . Base de legitimaci\u00f3n: consentimiento expreso.<\/span><\/li>\n<li style=\"font-weight: 400;\" aria-level=\"1\"><span style=\"font-weight: 400;\">Gesti\u00f3n laboral, administrativa, contable y fiscal de recursos humanos. Base de legitimaci\u00f3n: cumplimiento de obligaci\u00f3n legal, necesidad para la ejecuci\u00f3n de contratos y existencia de inter\u00e9s leg\u00edtimo.<\/span><\/li>\n<li style=\"font-weight: 400;\" aria-level=\"1\"><span style=\"font-weight: 400;\">Gesti\u00f3n de sistemas de videovigilancia con fines de seguridad. Base de legitimaci\u00f3n: existencia de inter\u00e9s leg\u00edtimo.<\/span><\/li>\n<\/ul>\n<h3><span style=\"font-weight: 400;\">\u00bfA QUI\u00c9N COMUNICAREMOS SUS DATOS PERSONALES?<\/span><\/h3>\n<p><span style=\"font-weight: 400;\">Sus datos personales ser\u00e1n facilitados a nuestros prestadores de servicios auxiliares externos que precisen el acceso a los mismos para llevar a cabo su funci\u00f3n, tales como asesor\u00edas legales\/fiscales, gestor\u00edas, prestadores de servicios IT con acceso a datos, entidades financieras, gestores de cobros y otros similares. Estos prestadores de servicios auxiliares externos tratar\u00e1n sus datos siguiendo estrictamente nuestras instrucciones, de acuerdo con la normativa en materia de protecci\u00f3n de datos personales.\u00a0<\/span><\/p>\n<p><span style=\"font-weight: 400;\">Por otro lado, sus datos podr\u00e1n ser cedidos cuando proceda legalmente en el \u00e1mbito de realizaci\u00f3n de inspecciones y auditor\u00edas, actuaciones ante las Administraciones P\u00fablicas y Administraci\u00f3n de Justicia y Cuerpos y Fuerzas de Seguridad, en su caso.<\/span><\/p>\n<p>&nbsp;<\/p>\n<h3><span style=\"font-weight: 400;\">\u00bfDURANTE CU\u00c1NTO TIEMPO CONSERVAREMOS SUS DATOS?<\/span><\/h3>\n<p><span style=\"font-weight: 400;\">Los datos personales facilitados para cumplir con las obligaciones econ\u00f3micas derivadas de contratos mercantiles ser\u00e1n conservados durante todo el per\u00edodo de vigencia de la relaci\u00f3n misma y, una vez extinguida \u00e9sta, se conservar\u00e1n durante el tiempo necesario para responder de posibles responsabilidades legales y, en todo caso, durante seis a\u00f1os.<\/span><\/p>\n<p><span style=\"font-weight: 400;\">Los datos personales obtenidos a trav\u00e9s del formulario de contacto se conservar\u00e1n por el tiempo necesario para atender la solicitud de informaci\u00f3n. No obstante, en el caso de los datos personales de car\u00e1cter profesional, los mismos podr\u00e1n ser incorporados a nuestra base de datos con el fin de mantener relaciones con la entidad a la que estos interesados representan.<\/span><\/p>\n<p><span style=\"font-weight: 400;\">Los datos vinculados a su CV ser\u00e1n conservados durante un m\u00e1ximo de dos a\u00f1os desde su recepci\u00f3n inicial o tras cada actualizaci\u00f3n posterior.\u00a0<\/span><\/p>\n<p>&nbsp;<\/p>\n<h3><span style=\"font-weight: 400;\">\u00bfQU\u00c9 MEDIDAS DE SEGURIDAD SE APLICAR\u00c1N A SUS DATOS PERSONALES?<\/span><\/h3>\n<p><span style=\"font-weight: 400;\">El tratamiento de los datos personales facilitados se llevar\u00e1 a cabo adoptando las medidas t\u00e9cnicas y organizativas necesarias para evitar la p\u00e9rdida, uso indebido, alteraci\u00f3n y acceso no autorizado a los mismos, habida cuenta del estado de la tecnolog\u00eda, la naturaleza de los datos y el an\u00e1lisis de riesgos realizado.<\/span><\/p>\n<p>&nbsp;<\/p>\n<h3><span style=\"font-weight: 400;\">\u00bfC\u00d3MO PUEDE EJERCITAR SUS DERECHOS EN RELACI\u00d3N CON SUS DATOS PERSONALES?<\/span><\/h3>\n<p><span style=\"font-weight: 400;\">Para revocar los consentimientos otorgados, as\u00ed como para ejercer los derechos de acceso, rectificaci\u00f3n, supresi\u00f3n, oposici\u00f3n, limitaci\u00f3n, portabilidad y no sometimiento a decisiones automatizadas podr\u00e1 dirigirse mediante petici\u00f3n escrita a:<\/span><\/p>\n<h3><span style=\"font-weight: 400;\">AMPO SOCIEDAD COOPERATIVA<\/span><\/h3>\n<p><span style=\"font-weight: 400;\">CP 20213 Idiazabal- Gipuzkoa (Espa\u00f1a)<\/span><\/p>\n<p><a class=\"link\" href=\"http:\/\/lopd@ampo.com\"><span style=\"font-weight: 400;\">lopd@ampo.com<\/span><\/a><\/p>\n<p><span style=\"font-weight: 400;\">En caso de que el interesado considere que los anteriores derechos no han sido atendidos conforme a la legalidad vigente, podr\u00e1 presentar la correspondiente reclamaci\u00f3n de tutela de derechos ante la <\/span><a class=\"link\" href=\"https:\/\/www.aepd.es\/es\"><span style=\"font-weight: 400;\">Agencia Espa\u00f1ola de Protecci\u00f3n de Datos<\/span><\/a><span style=\"font-weight: 400;\">.\u00a0<\/span><\/p>\n<h3><span style=\"font-weight: 400;\">LEGISLACI\u00d3N B\u00c1SICA APLICABLE EN MATERIA DE PROTCCI\u00d3N DE DATOS PERSONALES<\/span><\/h3>\n<ul>\n<li style=\"font-weight: 400;\" aria-level=\"1\"><span style=\"font-weight: 400;\">Reglamento (UE) 2016\/679 del Parlamento Europeo y del Consejo, de 27 de abril de 2016, relativo a la protecci\u00f3n de las personas f\u00edsicas en lo que respecta al tratamiento de datos personales y a la libre circulaci\u00f3n de estos datos y por el que se deroga la Directiva 95\/46\/CE (Reglamento general de protecci\u00f3n de datos).\u00a0<\/span><\/li>\n<li style=\"font-weight: 400;\" aria-level=\"1\"><span style=\"font-weight: 400;\">Ley Org\u00e1nica 3\/2018, de 5 de diciembre, de Protecci\u00f3n de Datos y Garant\u00eda de los Derechos Digitales (LOPD-GDD).<\/span><\/li>\n<\/ul>\n<h3><span style=\"font-weight: 400;\">CAR\u00c1CTER OBLIGATORIO O FACULTATIVO DE LOS DATOS SOLICITADOS<\/span><\/h3>\n<p><span style=\"font-weight: 400;\">Los datos obligatorios de cada formulario est\u00e1n identificados como tales mediante asterisco (*). La negativa a suministrar dicha informaci\u00f3n impedir\u00e1 la comunicaci\u00f3n con el usuario y, en su caso, la imposibilidad de facilitarle la informaci\u00f3n y\/o prestaci\u00f3n solicitada.<\/span><\/p>\n","protected":false},"excerpt":{"rendered":"<p>\u00bfQUI\u00c9N ES EL RESPONSABLE DE TRATAMIENTO DE SUS DATOS? AMPO SOCIEDAD COOPERATIVA (AMPO) NIF F-20027090 Barrio Katea S\/N CP 20213 Idiazabal \u2013 Gipuzkoa (Espa\u00f1a) \u00bfQU\u00c9 DATOS PERSONALES SON OBJETO DE TRATAMIENTO POR PARTE DE AMPO? A trav\u00e9s de este sitio web AMPO trata los datos personales incluidos en los formularios publicados en el mismo y [&hellip;]<\/p>\n","protected":false},"author":1,"featured_media":0,"parent":0,"menu_order":0,"comment_status":"closed","ping_status":"open","template":"","meta":{"_acf_changed":false,"inline_featured_image":false,"footnotes":""},"class_list":["post-10957","page","type-page","status-publish","hentry"],"acf":[],"yoast_head":"<!-- This site is optimized with the Yoast SEO plugin v26.0 - https:\/\/yoast.com\/wordpress\/plugins\/seo\/ -->\n<title>Pol\u00edtica de privacidad - Ampo Foundry<\/title>\n<meta name=\"robots\" content=\"index, follow, max-snippet:-1, max-image-preview:large, max-video-preview:-1\" \/>\n<link rel=\"canonical\" href=\"https:\/\/ampofoundry.com\/es\/politica-de-privacidad\/\" \/>\n<meta property=\"og:locale\" content=\"es_ES\" \/>\n<meta property=\"og:type\" content=\"article\" \/>\n<meta property=\"og:title\" content=\"Pol\u00edtica de privacidad - Ampo Foundry\" \/>\n<meta property=\"og:description\" content=\"\u00bfQUI\u00c9N ES EL RESPONSABLE DE TRATAMIENTO DE SUS DATOS? AMPO SOCIEDAD COOPERATIVA (AMPO) NIF F-20027090 Barrio Katea S\/N CP 20213 Idiazabal \u2013 Gipuzkoa (Espa\u00f1a) \u00bfQU\u00c9 DATOS PERSONALES SON OBJETO DE TRATAMIENTO POR PARTE DE AMPO? A trav\u00e9s de este sitio web AMPO trata los datos personales incluidos en los formularios publicados en el mismo y [&hellip;]\" \/>\n<meta property=\"og:url\" content=\"https:\/\/ampofoundry.com\/es\/politica-de-privacidad\/\" \/>\n<meta property=\"og:site_name\" content=\"Ampo Foundry\" \/>\n<meta property=\"article:modified_time\" content=\"2023-10-10T10:39:22+00:00\" \/>\n<meta name=\"twitter:card\" content=\"summary_large_image\" \/>\n<meta name=\"twitter:label1\" content=\"Tiempo de lectura\" \/>\n\t<meta name=\"twitter:data1\" content=\"5 minutos\" \/>\n<script type=\"application\/ld+json\" class=\"yoast-schema-graph\">{\"@context\":\"https:\/\/schema.org\",\"@graph\":[{\"@type\":\"WebPage\",\"@id\":\"https:\/\/ampofoundry.com\/es\/politica-de-privacidad\/\",\"url\":\"https:\/\/ampofoundry.com\/es\/politica-de-privacidad\/\",\"name\":\"Pol\u00edtica de privacidad - Ampo Foundry\",\"isPartOf\":{\"@id\":\"https:\/\/ampofoundry.com\/es\/#website\"},\"datePublished\":\"2023-05-17T08:58:01+00:00\",\"dateModified\":\"2023-10-10T10:39:22+00:00\",\"breadcrumb\":{\"@id\":\"https:\/\/ampofoundry.com\/es\/politica-de-privacidad\/#breadcrumb\"},\"inLanguage\":\"es\",\"potentialAction\":[{\"@type\":\"ReadAction\",\"target\":[\"https:\/\/ampofoundry.com\/es\/politica-de-privacidad\/\"]}]},{\"@type\":\"BreadcrumbList\",\"@id\":\"https:\/\/ampofoundry.com\/es\/politica-de-privacidad\/#breadcrumb\",\"itemListElement\":[{\"@type\":\"ListItem\",\"position\":1,\"name\":\"Portada\",\"item\":\"https:\/\/ampofoundry.com\/es\/\"},{\"@type\":\"ListItem\",\"position\":2,\"name\":\"Pol\u00edtica de privacidad\"}]},{\"@type\":\"WebSite\",\"@id\":\"https:\/\/ampofoundry.com\/es\/#website\",\"url\":\"https:\/\/ampofoundry.com\/es\/\",\"name\":\"Ampo Foundry & Forgings\",\"description\":\"\",\"publisher\":{\"@id\":\"https:\/\/ampofoundry.com\/es\/#organization\"},\"potentialAction\":[{\"@type\":\"SearchAction\",\"target\":{\"@type\":\"EntryPoint\",\"urlTemplate\":\"https:\/\/ampofoundry.com\/es\/?s={search_term_string}\"},\"query-input\":{\"@type\":\"PropertyValueSpecification\",\"valueRequired\":true,\"valueName\":\"search_term_string\"}}],\"inLanguage\":\"es\"},{\"@type\":\"Organization\",\"@id\":\"https:\/\/ampofoundry.com\/es\/#organization\",\"name\":\"Ampo Foundry & Forgings\",\"url\":\"https:\/\/ampofoundry.com\/es\/\",\"logo\":{\"@type\":\"ImageObject\",\"inLanguage\":\"es\",\"@id\":\"https:\/\/ampofoundry.com\/es\/#\/schema\/logo\/image\/\",\"url\":\"https:\/\/ampofoundry.com\/wp-content\/uploads\/2023\/09\/logo-foundry-forgings.png\",\"contentUrl\":\"https:\/\/ampofoundry.com\/wp-content\/uploads\/2023\/09\/logo-foundry-forgings.png\",\"width\":386,\"height\":194,\"caption\":\"Ampo Foundry & Forgings\"},\"image\":{\"@id\":\"https:\/\/ampofoundry.com\/es\/#\/schema\/logo\/image\/\"}}]}<\/script>\n<!-- \/ Yoast SEO plugin. -->","yoast_head_json":{"title":"Pol\u00edtica de privacidad - Ampo Foundry","robots":{"index":"index","follow":"follow","max-snippet":"max-snippet:-1","max-image-preview":"max-image-preview:large","max-video-preview":"max-video-preview:-1"},"canonical":"https:\/\/ampofoundry.com\/es\/politica-de-privacidad\/","og_locale":"es_ES","og_type":"article","og_title":"Pol\u00edtica de privacidad - Ampo Foundry","og_description":"\u00bfQUI\u00c9N ES EL RESPONSABLE DE TRATAMIENTO DE SUS DATOS? AMPO SOCIEDAD COOPERATIVA (AMPO) NIF F-20027090 Barrio Katea S\/N CP 20213 Idiazabal \u2013 Gipuzkoa (Espa\u00f1a) \u00bfQU\u00c9 DATOS PERSONALES SON OBJETO DE TRATAMIENTO POR PARTE DE AMPO? A trav\u00e9s de este sitio web AMPO trata los datos personales incluidos en los formularios publicados en el mismo y [&hellip;]","og_url":"https:\/\/ampofoundry.com\/es\/politica-de-privacidad\/","og_site_name":"Ampo Foundry","article_modified_time":"2023-10-10T10:39:22+00:00","twitter_card":"summary_large_image","twitter_misc":{"Tiempo de lectura":"5 minutos"},"schema":{"@context":"https:\/\/schema.org","@graph":[{"@type":"WebPage","@id":"https:\/\/ampofoundry.com\/es\/politica-de-privacidad\/","url":"https:\/\/ampofoundry.com\/es\/politica-de-privacidad\/","name":"Pol\u00edtica de privacidad - Ampo Foundry","isPartOf":{"@id":"https:\/\/ampofoundry.com\/es\/#website"},"datePublished":"2023-05-17T08:58:01+00:00","dateModified":"2023-10-10T10:39:22+00:00","breadcrumb":{"@id":"https:\/\/ampofoundry.com\/es\/politica-de-privacidad\/#breadcrumb"},"inLanguage":"es","potentialAction":[{"@type":"ReadAction","target":["https:\/\/ampofoundry.com\/es\/politica-de-privacidad\/"]}]},{"@type":"BreadcrumbList","@id":"https:\/\/ampofoundry.com\/es\/politica-de-privacidad\/#breadcrumb","itemListElement":[{"@type":"ListItem","position":1,"name":"Portada","item":"https:\/\/ampofoundry.com\/es\/"},{"@type":"ListItem","position":2,"name":"Pol\u00edtica de privacidad"}]},{"@type":"WebSite","@id":"https:\/\/ampofoundry.com\/es\/#website","url":"https:\/\/ampofoundry.com\/es\/","name":"Ampo Foundry & Forgings","description":"","publisher":{"@id":"https:\/\/ampofoundry.com\/es\/#organization"},"potentialAction":[{"@type":"SearchAction","target":{"@type":"EntryPoint","urlTemplate":"https:\/\/ampofoundry.com\/es\/?s={search_term_string}"},"query-input":{"@type":"PropertyValueSpecification","valueRequired":true,"valueName":"search_term_string"}}],"inLanguage":"es"},{"@type":"Organization","@id":"https:\/\/ampofoundry.com\/es\/#organization","name":"Ampo Foundry & Forgings","url":"https:\/\/ampofoundry.com\/es\/","logo":{"@type":"ImageObject","inLanguage":"es","@id":"https:\/\/ampofoundry.com\/es\/#\/schema\/logo\/image\/","url":"https:\/\/ampofoundry.com\/wp-content\/uploads\/2023\/09\/logo-foundry-forgings.png","contentUrl":"https:\/\/ampofoundry.com\/wp-content\/uploads\/2023\/09\/logo-foundry-forgings.png","width":386,"height":194,"caption":"Ampo Foundry & Forgings"},"image":{"@id":"https:\/\/ampofoundry.com\/es\/#\/schema\/logo\/image\/"}}]}},"_links":{"self":[{"href":"https:\/\/ampofoundry.com\/es\/wp-json\/wp\/v2\/pages\/10957","targetHints":{"allow":["GET"]}}],"collection":[{"href":"https:\/\/ampofoundry.com\/es\/wp-json\/wp\/v2\/pages"}],"about":[{"href":"https:\/\/ampofoundry.com\/es\/wp-json\/wp\/v2\/types\/page"}],"author":[{"embeddable":true,"href":"https:\/\/ampofoundry.com\/es\/wp-json\/wp\/v2\/users\/1"}],"replies":[{"embeddable":true,"href":"https:\/\/ampofoundry.com\/es\/wp-json\/wp\/v2\/comments?post=10957"}],"version-history":[{"count":5,"href":"https:\/\/ampofoundry.com\/es\/wp-json\/wp\/v2\/pages\/10957\/revisions"}],"predecessor-version":[{"id":10962,"href":"https:\/\/ampofoundry.com\/es\/wp-json\/wp\/v2\/pages\/10957\/revisions\/10962"}],"wp:attachment":[{"href":"https:\/\/ampofoundry.com\/es\/wp-json\/wp\/v2\/media?parent=10957"}],"curies":[{"name":"wp","href":"https:\/\/api.w.org\/{rel}","templated":true}]}}