{"id":12323,"date":"2023-06-26T10:34:12","date_gmt":"2023-06-26T10:34:12","guid":{"rendered":"https:\/\/ampofoundry.com\/cookie-politika\/"},"modified":"2024-09-04T13:40:03","modified_gmt":"2024-09-04T13:40:03","slug":"politica-de-cookies","status":"publish","type":"page","link":"https:\/\/ampofoundry.com\/es\/politica-de-cookies\/","title":{"rendered":"Pol\u00edtica de cookies"},"content":{"rendered":"<h2>\u00bfQu\u00e9 es una cookie?<\/h2>\n<p><span style=\"font-weight: 400;\">Las cookies (y otros recursos similares tales como local <\/span><i><span style=\"font-weight: 400;\">shared objects<\/span><\/i><span style=\"font-weight: 400;\">, <\/span><i><span style=\"font-weight: 400;\">flash cookies<\/span><\/i><span style=\"font-weight: 400;\">, <\/span><i><span style=\"font-weight: 400;\">web beacons<\/span><\/i><span style=\"font-weight: 400;\">, <\/span><i><span style=\"font-weight: 400;\">bugs<\/span><\/i><span style=\"font-weight: 400;\">, etc) son archivos de texto que contienen peque\u00f1as cantidades de informaci\u00f3n que se descargan en el dispositivo que el usuario utiliza cuando visita un sitio web. Su finalidad principal es, por un lado, reconocer al usuario cada vez que accede al sitio web mostr\u00e1ndoselo de acuerdo con las preferencias de navegaci\u00f3n establecidas; y adem\u00e1s, en su caso, analizar la navegaci\u00f3n del usuario.<\/span><\/p>\n<p>&nbsp;<\/p>\n<div class=\"table-cookies\">\n<h2>Informaci\u00f3n general relativa al uso de cookies exceptuadas de consentimiento<\/h2>\n<p><span style=\"font-weight: 400;\">De acuerdo con lo dispuesto en la legislaci\u00f3n vigente, en cualquier p\u00e1gina web que utilice cookies se ha de facilitar informaci\u00f3n clara y completa sobre la finalidad o finalidades de las mismas, siendo obligatorio obtener el consentimiento expreso de los usuarios antes de la descarga, salvo en relaci\u00f3n con las llamadas \u201c<\/span><strong>cookies exceptuadas<\/strong><span style=\"font-weight: 400;\">\u201d sobre las que NO es necesario obtener consentimiento (es decir, est\u00e1n exceptuadas de consentimiento).\u00a0<\/span><\/p>\n<p><span style=\"font-weight: 400;\">En las cookies exceptuadas se incluyen:<\/span><\/p>\n<ul>\n<li style=\"font-weight: 400;\" aria-level=\"1\"><b>Cookies t\u00e9cnicas o esenciales<\/b><b>:<\/b><span style=\"font-weight: 400;\"> son las que permiten al usuario la navegaci\u00f3n a trav\u00e9s de una p\u00e1gina web, plataforma o aplicaci\u00f3n y la utilizaci\u00f3n de las diferentes opciones o servicios que en ella existan como, por ejemplo, controlar el tr\u00e1fico y la comunicaci\u00f3n de datos, identificar la sesi\u00f3n, acceder a partes de acceso restringido, recordar los elementos que integran un pedido, realizar el proceso de compra de un pedido, gestionar el pago, controlar el fraude vinculado a la seguridad del servicio, realizar la solicitud de inscripci\u00f3n o participaci\u00f3n en un evento, contar visitas a efectos de la facturaci\u00f3n de licencias del software con el que funciona el servicio (sitio web, plataforma o aplicaci\u00f3n), utilizar elementos de seguridad durante la navegaci\u00f3n, almacenar contenidos para la difusi\u00f3n de v\u00eddeos o sonido, habilitar contenidos din\u00e1micos (por ejemplo, animaci\u00f3n de carga de un texto o imagen) o compartir contenidos a trav\u00e9s de redes sociales en los casos en los que el usuario ha decidido dejar la sesi\u00f3n abierta.<\/span><\/li>\n<li aria-level=\"1\"><b>Cookies de personalizaci\u00f3n exceptuadas<\/b><span style=\"font-weight: 400;\">: son aquellas que permiten recordar informaci\u00f3n para que el usuario acceda al servicio configurando por s\u00ed mismo determinadas caracter\u00edsticas que pueden diferenciar su experiencia de la de otros usuarios; por ejemplo, el idioma, el n\u00famero de resultados a mostrar cuando el usuario realiza una b\u00fasqueda, el aspecto o contenido del servicio en funci\u00f3n del tipo de navegador a trav\u00e9s del cual el usuario accede al servicio o de la regi\u00f3n desde la que accede al servicio, etc.<\/span><\/li>\n<li style=\"font-weight: 400;\" aria-level=\"1\"><b>Cookies de anal\u00edticas o de medici\u00f3n de audiencias exceptuadas<\/b><span style=\"font-weight: 400;\">: se trata de cookies utilizadas para obtener estad\u00edsticas an\u00f3nimas de tr\u00e1fico y rendimiento que no precisan consentimiento si son utilizadas exclusivamente por el editor del sitio web, sin que se produzca ning\u00fan tipo de explotaci\u00f3n por parte de un tercero y estando limitadas a las siguientes mediciones:<\/span>\n<ul>\n<li style=\"font-weight: 400;\" aria-level=\"1\"><span style=\"font-weight: 400;\">Medici\u00f3n de audiencia, p\u00e1gina por p\u00e1gina.<\/span><\/li>\n<li style=\"font-weight: 400;\" aria-level=\"1\"><span style=\"font-weight: 400;\">Lista de p\u00e1ginas desde las que se ha seguido un enlace para solicitar la p\u00e1gina actual (a veces llamada \u00abreferente\u00bb), ya sea interna o externa al sitio, por p\u00e1gina y agregada diariamente.<\/span><\/li>\n<li style=\"font-weight: 400;\" aria-level=\"1\"><span style=\"font-weight: 400;\">Determinaci\u00f3n del tipo de dispositivo, navegador y tama\u00f1o de pantalla de los visitantes, por p\u00e1gina y agregados diariamente.<\/span><\/li>\n<li style=\"font-weight: 400;\" aria-level=\"1\"><span style=\"font-weight: 400;\">Estad\u00edsticas de tiempo de carga de la p\u00e1gina, por p\u00e1gina y agregadas por hora.<\/span><\/li>\n<li style=\"font-weight: 400;\" aria-level=\"1\"><span style=\"font-weight: 400;\">Estad\u00edsticas sobre el tiempo dedicado a cada p\u00e1gina, la tasa de rebote, la profundidad de desplazamiento, por p\u00e1gina y agregadas diariamente.<\/span><\/li>\n<li style=\"font-weight: 400;\" aria-level=\"1\"><span style=\"font-weight: 400;\">Estad\u00edsticas sobre las acciones de los usuarios (clics, selecciones), por p\u00e1gina y agregadas diariamente.<\/span><\/li>\n<li style=\"font-weight: 400;\" aria-level=\"1\"><span style=\"font-weight: 400;\">Estad\u00edsticas sobre la zona geogr\u00e1fica de origen de las solicitudes, por p\u00e1gina y agregadas diariamente.<\/span><\/li>\n<\/ul>\n<\/li>\n<\/ul>\n<p><span style=\"font-weight: 400;\">Este tipo de cookies s\u00f3lo estar\u00e1n activas durante un m\u00e1ximo de trece meses transcurridos los cuales se requerir\u00e1 obtener de nuevo el consentimiento expreso del usuario. Los datos personales obtenidos no se conservar\u00e1n m\u00e1s all\u00e1 de veinticuatro meses.<br \/>\n<\/span><\/p>\n<p>&nbsp;<\/p>\n<h2>Cookies no exceptuadas de consentimiento<\/h2>\n<p><span style=\"font-weight: 400;\">Las cookies se pueden clasificar atendiendo a distintos criterios. Desde el punto de vista legal, y tal y como se ha explicado en el apartado anterior, existen cookies exceptuadas y no exceptuadas. Otros criterios de clasificaci\u00f3n atienden al tipo de gesti\u00f3n de las cookies (propias o de terceros), tiempo de activaci\u00f3n (cookies de sesi\u00f3n y cookies permanentes) o tipo de finalidad.\u00a0<\/span><\/p>\n<p><span style=\"font-weight: 400;\">La clasificaci\u00f3n de las cookies no exceptuadas atendiendo a la finalidad es especialmente relevante. Desde este punto de vista, las cookies no exceptuadas pueden ser:\u00a0<\/span><\/p>\n<ul>\n<li style=\"font-weight: 400;\" aria-level=\"1\"><b>Cookies de personalizaci\u00f3n no exceptuadas<\/b><b>:<\/b><span style=\"font-weight: 400;\"> son las que permiten al usuario acceder al servicio con algunas caracter\u00edsticas de car\u00e1cter general que no obedecen a una opci\u00f3n ejercida por el usuario, sino que se aplica autom\u00e1ticamente por el sitio web, por ejemplo, en funci\u00f3n de la regi\u00f3n de acceso a la navegaci\u00f3n detectada.<\/span><\/li>\n<li style=\"font-weight: 400;\" aria-level=\"1\"><b>Cookies anal\u00edticas o de medici\u00f3n de audiencias no exceptuadas<\/b><b>:<\/b><span style=\"font-weight: 400;\"> son aquellas que no se ajustan a los requisitos indicados en el apartado anterior para ser consideradas cookies de medici\u00f3n de audiencias exceptuadas, ya sea porque permiten realizar mediciones distintas de las incluidas en el listado indicado, porque implican intercambio de informaci\u00f3n con terceros o porque no son an\u00f3nimas.<\/span><\/li>\n<li style=\"font-weight: 400;\" aria-level=\"1\"><b>Cookies de complementos<\/b><span style=\"font-weight: 400;\">:<\/span><span style=\"font-weight: 400;\">\u00a0 Las cookies utilizadas por complementos de proveedores externos de contenido son necesarias para que el usuario pueda acceder a contenidos o servicios previamente solicitados tales como visualizaci\u00f3n de v\u00eddeos alojados en Youtube, ubicaciones geogr\u00e1ficas en Google Maps, conexi\u00f3n con redes sociales, etc. <\/span><span style=\"font-weight: 400;\">Estas cookies se rigen por lo dispuesto en las respectivas pol\u00edticas de cookies de los proveedores externos<\/span><span style=\"font-weight: 400;\">.<\/span><\/li>\n<\/ul>\n<p><span style=\"font-weight: 400;\">Al hacer click en los complementos de las redes sociales incluidos en un sitio web su navegador se conectar\u00e1 con el servidor de la red social correspondiente de modo que el proveedor de la red social sabr\u00e1 desde qu\u00e9 sitio web proviene el usuario al acceder al sitio de la red social. Si desea evitar que se genere esta vinculaci\u00f3n, debe cerrar la sesi\u00f3n en la p\u00e1gina web de la red social antes de visitar cualquier sitio web.<\/span><\/p>\n<p>&nbsp;<\/p>\n<\/div>\n<h2>\u00bfQu\u00e9 tipo de cookies utiliza este sitio web?<\/h2>\n<p><span style=\"font-weight: 400;\">Este sitio web utiliza cookies propias y de terceros, con distintas finalidades (t\u00e9cnicas o esenciales, de personalizaci\u00f3n, anal\u00edticas y de complementos. Para consultar las cookies concretamente utilizadas puede consultar el panel de configuraci\u00f3n de cookies que se muestra en el enlace permanente situado en el pie o <\/span><i><span style=\"font-weight: 400;\">footer<\/span><\/i><span style=\"font-weight: 400;\"> del sitio web (\u201cmanage cookies\u201d).<\/span><\/p>\n<p><span style=\"font-weight: 400;\">A las cookies que implican tratamiento de datos personales tambi\u00e9n les resulta aplicable la <\/span><a class=\"link\" href=\"https:\/\/www.ampo.com\/es\/politica-de-privacidad\/\"><span style=\"font-weight: 400;\">Pol\u00edtica de Privacidad<\/span><\/a><span style=\"font-weight: 400;\">.<\/span><\/p>\n<p>&nbsp;<\/p>\n<h2>\u00bfC\u00f3mo se desactivan o eliminan las cookies?<\/h2>\n<p>En cualquier momento podr\u00e1 ejercer su derecho de desactivaci\u00f3n o eliminaci\u00f3n de cookies de este sitio web. Estas acciones se realizan de forma diferente en funci\u00f3n del navegador que est\u00e9 usando.<\/p>\n<p>A continuaci\u00f3n le facilitamos la informaci\u00f3n y enlaces a los sitios de soporte oficiales d de los principales navegadores para configurar el suyo a fin de que pueda decidir si desea o no aceptar el uso de cookies.<\/p>\n<p>As\u00ed, puede bloquear las cookies a trav\u00e9s de las herramientas de configuraci\u00f3n del navegador o bien puede configurar el su navegador para que le avise cuando un servidor quiera guardar una cookie:<\/p>\n<ol>\n<li>Si utiliza <strong>Microsoft Internet Explorer<\/strong>, en la opci\u00f3n de men\u00fa Herramientas &gt; Opciones de Internet &gt; Privacidad &gt; Configuraci\u00f3n. Para saber m\u00e1s visite: <a class=\"link\" href=\"https:\/\/support.microsoft.com\/es-es\/topic\/eliminar-y-administrar-cookies-168dab11-0753-043d-7c16-ede5947fc64d\" target=\"_blank\" rel=\"noopener\">https:\/\/support.microsoft.com\/es-es\/topic\/eliminar-y-administrar-cookies-168dab11-0753-043d-7c16-ede5947fc64d<\/a><\/li>\n<li>Si utiliza <strong>Firefox<\/strong>, en la opci\u00f3n de men\u00fa Herramientas &gt; Opciones &gt; Privacidad &gt; Cookies. Para saber m\u00e1s visite: <a class=\"link\" href=\"http:\/\/support.mozilla.org\/es\/kb\/habilitar-y-deshabilitar-cookies-que-los-sitios-we\" target=\"_blank\" rel=\"noopener\">http:\/\/support.mozilla.org\/es\/kb\/habilitar-y-deshabilitar-cookies-que-los-sitios-we<\/a><\/li>\n<li>Si utiliza <strong>Chrome<\/strong>, en la secci\u00f3n de Opciones &gt; Opciones avanzadas &gt; Privacidad. Para saber m\u00e1s visite: <a class=\"link\" href=\"http:\/\/support.google.com\/chrome\/bin\/answer.py?hl=es&amp;answer=95647\" target=\"_blank\" rel=\"noopener\">http:\/\/support.google.com\/chrome\/bin\/answer.py?hl=es&amp;answer=95647<\/a><\/li>\n<li>Si utiliza <strong>Opera<\/strong>, en la opci\u00f3n de Seguridad y Privacidad, podr\u00e1 configurar el navegador. Para saber m\u00e1s visite: <a class=\"link\" href=\"http:\/\/www.opera.com\/help\/tutorials\/security\/cookies\/\" target=\"_blank\" rel=\"noopener\">http:\/\/www.opera.com\/help\/tutorials\/security\/cookies\/<\/a><\/li>\n<\/ol>\n<p>&nbsp;<\/p>\n<h2>Informaci\u00f3n sobre transferencias internacionales de datos<\/h2>\n<p><span style=\"font-weight: 400;\">Este sitio web utiliza cookies que pueden implicar Transferencias Internacionales de Datos (TID) a pa\u00edses no pertenecientes al Espacio Econ\u00f3mico Europeo. Es el caso de las cookies de Google Analytics, que pueden implicar transferencias a Estados Unidos que se considerar\u00e1n garantizadas por la adhesi\u00f3n de la entidad gestora -Google- a la <\/span><a class=\"link\" href=\"https:\/\/www.dataprivacyframework.gov\/s\/participant-search\"><span style=\"font-weight: 400;\">lista de participantes<\/span><\/a><span style=\"font-weight: 400;\"> en el acuerdo <\/span><i><span style=\"font-weight: 400;\">UE-USA Data Privacy Framework.\u00a0<\/span><\/i><\/p>\n<p><span style=\"font-weight: 400;\">En el resto de los casos se recomienda la lectura de la pol\u00edtica de privacidad y cookies de las entidades gestoras.<\/span><\/p>\n<p>&nbsp;<\/p>\n<h2>\u00bfC\u00f3mo configurar sus preferencias en relaci\u00f3n con las cookies?<\/h2>\n<p><span style=\"font-weight: 400;\">En caso de que el usuario hubiese aceptado la utilizaci\u00f3n de una o varias tipolog\u00edas de cookies no exceptuadas, en cualquier momento posterior podr\u00e1 cambiar su configuraci\u00f3n, rechazando o deshabilitando su utilizaci\u00f3n a trav\u00e9s del cuadro de configuraci\u00f3n de cookies del sitio web.\u00a0<\/span><\/p>\n<p><span style=\"font-weight: 400;\">De igual manera, el usuario puede permitir, bloquear o eliminar las cookies instaladas en su equipo mediante la configuraci\u00f3n de las opciones del navegador instalado en su ordenador.<\/span><\/p>\n<p><span style=\"font-weight: 400;\">En todo caso, debe saber que si opta por bloquear o eliminar las cookies no podremos mantener sus preferencias y es posible que algunas caracter\u00edsticas de la p\u00e1gina web no est\u00e9n operativas, o que tengamos que solicitarte de nuevo autorizaci\u00f3n para su uso.\u00a0<\/span><\/p>\n<p><span style=\"font-weight: 400;\">Tenga en cuenta que, si acepta las cookies de terceros, deber\u00e1 eliminarlas desde las opciones del navegador o desde el sistema ofrecido por el propio tercero.<\/span><\/p>\n<p><span style=\"font-weight: 400;\">Para m\u00e1s informaci\u00f3n sobre c\u00f3mo deshabilitar cookies desde los navegadores, consulte:\u00a0<\/span><\/p>\n<ol>\n<li><b>Microsoft Edge: <\/b><a class=\"link\" href=\"about:blank\"><span style=\"font-weight: 400;\"> edge:\/\/settings\/privacy<\/span><\/a><\/li>\n<li><b>Mozilla Firefox: <\/b><a class=\"link\" href=\"https:\/\/support.mozilla.org\/es\/kb\/habilitar-y-deshabilitar-cookies-sitios-web-rastrear-preferencias\"><span style=\"font-weight: 400;\"> https:\/\/support.mozilla.org\/es\/kb\/habilitar-y-deshabilitar-cookies-sitios-web-rastrear-preferencias<\/span><\/a><span style=\"font-weight: 400;\">\u00a0<\/span><\/li>\n<li><b>Google Chrome: <\/b><a class=\"link\" href=\"https:\/\/support.google.com\/chrome\/answer\/95647?hl=es\"><span style=\"font-weight: 400;\"> https:\/\/support.google.com\/chrome\/answer\/95647?hl=es<\/span><\/a><span style=\"font-weight: 400;\">\u00a0<\/span><\/li>\n<li><b>Safari: <\/b><a class=\"link\" href=\"http:\/\/support.apple.com\/kb\/ph5042\"><span style=\"font-weight: 400;\"> http:\/\/support.apple.com\/kb\/ph5042<\/span><\/a><span style=\"font-weight: 400;\">\u00a0<\/span><\/li>\n<\/ol>\n<p>&nbsp;<\/p>\n<p><b><i>Opt out cookies<\/i><\/b><span style=\"font-weight: 400;\">: <\/span><span style=\"font-weight: 400;\">Las \u00abopt-out cookies\u00bb son espec\u00edficas para un servidor, por lo que solamente bloquean cookies de una sola empresa concreta. Para realizar un bloqueo m\u00e1s gen\u00e9rico, los usuarios deben configurar las cookies desde la configuraci\u00f3n de sus navegadores.<\/span><\/p>\n<ul>\n<li style=\"font-weight: 400;\" aria-level=\"1\"><span style=\"font-weight: 400;\">Opt-out de Google Analytics: <\/span><a class=\"link\" href=\"https:\/\/tools.google.com\/dlpage\/gaoptout?hl=None\"><span style=\"font-weight: 400;\">https:\/\/tools.google.com\/dlpage\/gaoptout?hl=None<\/span><\/a><\/li>\n<\/ul>\n<p>&nbsp;<\/p>\n<h2>Datos identificativos<\/h2>\n<p>En cumplimiento de la Ley 34\/2002, de Servicios de la Sociedad de la Informaci\u00f3n y de Comercio Electr\u00f3nico, as\u00ed como del conjunto de la normativa que regula el comercio electr\u00f3nico, le informamos que esta p\u00e1gina Web es propiedad de <span style=\"font-weight: 400;\">AMPO SOCIEDAD COOPERATIVA (AMPO)<\/span> con <span style=\"font-weight: 400;\">NIF F-20027090<\/span> y domicilio en <span style=\"font-weight: 400;\">Barrio Katea S\/N CP 20213 Idiazabal \u2013 Gipuzkoa (Espa\u00f1a)<\/span>, en adelante AMPO.<\/p>\n<p>&nbsp;<\/p>\n<h2>Notas adicionales<\/h2>\n<p>AMPO no se hace responsable del contenido ni de la veracidad de las pol\u00edticas de privacidad que puedan tener los terceros que, en su caso, se mencionen en esta pol\u00edtica de cookies.<\/p>\n<p>Los navegadores web son las herramientas encargadas de almacenar las cookies y desde este lugar debe efectuar su derecho a eliminaci\u00f3n o desactivaci\u00f3n de las mismas. AMPO no puede garantizar la correcta o incorrecta manipulaci\u00f3n de las cookies por parte de los mencionados navegadores.<\/p>\n<p>En algunos casos es necesario instalar cookies para que el navegador no olvide su decisi\u00f3n de no aceptaci\u00f3n de las mismas.<\/p>\n<p>Para cualquier duda o consulta acerca de esta pol\u00edtica de cookies no dude en comunicarse con nosotros dirigi\u00e9ndose por escrito a la direcci\u00f3n precedentemente indicada o la direcci\u00f3n de correo electr\u00f3nico lopd@ampo.com.<\/p>\n","protected":false},"excerpt":{"rendered":"<p>\u00bfQu\u00e9 es una cookie? Las cookies (y otros recursos similares tales como local shared objects, flash cookies, web beacons, bugs, etc) son archivos de texto que contienen peque\u00f1as cantidades de informaci\u00f3n que se descargan en el dispositivo que el usuario utiliza cuando visita un sitio web. Su finalidad principal es, por un lado, reconocer al [&hellip;]<\/p>\n","protected":false},"author":1,"featured_media":0,"parent":0,"menu_order":0,"comment_status":"closed","ping_status":"closed","template":"","meta":{"_acf_changed":false,"inline_featured_image":false,"footnotes":""},"class_list":["post-12323","page","type-page","status-publish","hentry"],"acf":[],"yoast_head":"<!-- This site is optimized with the Yoast SEO plugin v26.0 - https:\/\/yoast.com\/wordpress\/plugins\/seo\/ -->\n<title>Pol\u00edtica de cookies - Ampo Foundry<\/title>\n<meta name=\"robots\" content=\"index, follow, max-snippet:-1, max-image-preview:large, max-video-preview:-1\" \/>\n<link rel=\"canonical\" href=\"https:\/\/ampofoundry.com\/es\/politica-de-cookies\/\" \/>\n<meta property=\"og:locale\" content=\"es_ES\" \/>\n<meta property=\"og:type\" content=\"article\" \/>\n<meta property=\"og:title\" content=\"Pol\u00edtica de cookies - Ampo Foundry\" \/>\n<meta property=\"og:description\" content=\"\u00bfQu\u00e9 es una cookie? Las cookies (y otros recursos similares tales como local shared objects, flash cookies, web beacons, bugs, etc) son archivos de texto que contienen peque\u00f1as cantidades de informaci\u00f3n que se descargan en el dispositivo que el usuario utiliza cuando visita un sitio web. Su finalidad principal es, por un lado, reconocer al [&hellip;]\" \/>\n<meta property=\"og:url\" content=\"https:\/\/ampofoundry.com\/es\/politica-de-cookies\/\" \/>\n<meta property=\"og:site_name\" content=\"Ampo Foundry\" \/>\n<meta property=\"article:modified_time\" content=\"2024-09-04T13:40:03+00:00\" \/>\n<meta name=\"twitter:card\" content=\"summary_large_image\" \/>\n<meta name=\"twitter:label1\" content=\"Tiempo de lectura\" \/>\n\t<meta name=\"twitter:data1\" content=\"8 minutos\" \/>\n<script type=\"application\/ld+json\" class=\"yoast-schema-graph\">{\"@context\":\"https:\/\/schema.org\",\"@graph\":[{\"@type\":\"WebPage\",\"@id\":\"https:\/\/ampofoundry.com\/es\/politica-de-cookies\/\",\"url\":\"https:\/\/ampofoundry.com\/es\/politica-de-cookies\/\",\"name\":\"Pol\u00edtica de cookies - Ampo Foundry\",\"isPartOf\":{\"@id\":\"https:\/\/ampofoundry.com\/es\/#website\"},\"datePublished\":\"2023-06-26T10:34:12+00:00\",\"dateModified\":\"2024-09-04T13:40:03+00:00\",\"breadcrumb\":{\"@id\":\"https:\/\/ampofoundry.com\/es\/politica-de-cookies\/#breadcrumb\"},\"inLanguage\":\"es\",\"potentialAction\":[{\"@type\":\"ReadAction\",\"target\":[\"https:\/\/ampofoundry.com\/es\/politica-de-cookies\/\"]}]},{\"@type\":\"BreadcrumbList\",\"@id\":\"https:\/\/ampofoundry.com\/es\/politica-de-cookies\/#breadcrumb\",\"itemListElement\":[{\"@type\":\"ListItem\",\"position\":1,\"name\":\"Portada\",\"item\":\"https:\/\/ampofoundry.com\/es\/\"},{\"@type\":\"ListItem\",\"position\":2,\"name\":\"Pol\u00edtica de cookies\"}]},{\"@type\":\"WebSite\",\"@id\":\"https:\/\/ampofoundry.com\/es\/#website\",\"url\":\"https:\/\/ampofoundry.com\/es\/\",\"name\":\"Ampo Foundry & Forgings\",\"description\":\"\",\"publisher\":{\"@id\":\"https:\/\/ampofoundry.com\/es\/#organization\"},\"potentialAction\":[{\"@type\":\"SearchAction\",\"target\":{\"@type\":\"EntryPoint\",\"urlTemplate\":\"https:\/\/ampofoundry.com\/es\/?s={search_term_string}\"},\"query-input\":{\"@type\":\"PropertyValueSpecification\",\"valueRequired\":true,\"valueName\":\"search_term_string\"}}],\"inLanguage\":\"es\"},{\"@type\":\"Organization\",\"@id\":\"https:\/\/ampofoundry.com\/es\/#organization\",\"name\":\"Ampo Foundry & Forgings\",\"url\":\"https:\/\/ampofoundry.com\/es\/\",\"logo\":{\"@type\":\"ImageObject\",\"inLanguage\":\"es\",\"@id\":\"https:\/\/ampofoundry.com\/es\/#\/schema\/logo\/image\/\",\"url\":\"https:\/\/ampofoundry.com\/wp-content\/uploads\/2023\/09\/logo-foundry-forgings.png\",\"contentUrl\":\"https:\/\/ampofoundry.com\/wp-content\/uploads\/2023\/09\/logo-foundry-forgings.png\",\"width\":386,\"height\":194,\"caption\":\"Ampo Foundry & Forgings\"},\"image\":{\"@id\":\"https:\/\/ampofoundry.com\/es\/#\/schema\/logo\/image\/\"}}]}<\/script>\n<!-- \/ Yoast SEO plugin. -->","yoast_head_json":{"title":"Pol\u00edtica de cookies - Ampo Foundry","robots":{"index":"index","follow":"follow","max-snippet":"max-snippet:-1","max-image-preview":"max-image-preview:large","max-video-preview":"max-video-preview:-1"},"canonical":"https:\/\/ampofoundry.com\/es\/politica-de-cookies\/","og_locale":"es_ES","og_type":"article","og_title":"Pol\u00edtica de cookies - Ampo Foundry","og_description":"\u00bfQu\u00e9 es una cookie? Las cookies (y otros recursos similares tales como local shared objects, flash cookies, web beacons, bugs, etc) son archivos de texto que contienen peque\u00f1as cantidades de informaci\u00f3n que se descargan en el dispositivo que el usuario utiliza cuando visita un sitio web. Su finalidad principal es, por un lado, reconocer al [&hellip;]","og_url":"https:\/\/ampofoundry.com\/es\/politica-de-cookies\/","og_site_name":"Ampo Foundry","article_modified_time":"2024-09-04T13:40:03+00:00","twitter_card":"summary_large_image","twitter_misc":{"Tiempo de lectura":"8 minutos"},"schema":{"@context":"https:\/\/schema.org","@graph":[{"@type":"WebPage","@id":"https:\/\/ampofoundry.com\/es\/politica-de-cookies\/","url":"https:\/\/ampofoundry.com\/es\/politica-de-cookies\/","name":"Pol\u00edtica de cookies - Ampo Foundry","isPartOf":{"@id":"https:\/\/ampofoundry.com\/es\/#website"},"datePublished":"2023-06-26T10:34:12+00:00","dateModified":"2024-09-04T13:40:03+00:00","breadcrumb":{"@id":"https:\/\/ampofoundry.com\/es\/politica-de-cookies\/#breadcrumb"},"inLanguage":"es","potentialAction":[{"@type":"ReadAction","target":["https:\/\/ampofoundry.com\/es\/politica-de-cookies\/"]}]},{"@type":"BreadcrumbList","@id":"https:\/\/ampofoundry.com\/es\/politica-de-cookies\/#breadcrumb","itemListElement":[{"@type":"ListItem","position":1,"name":"Portada","item":"https:\/\/ampofoundry.com\/es\/"},{"@type":"ListItem","position":2,"name":"Pol\u00edtica de cookies"}]},{"@type":"WebSite","@id":"https:\/\/ampofoundry.com\/es\/#website","url":"https:\/\/ampofoundry.com\/es\/","name":"Ampo Foundry & Forgings","description":"","publisher":{"@id":"https:\/\/ampofoundry.com\/es\/#organization"},"potentialAction":[{"@type":"SearchAction","target":{"@type":"EntryPoint","urlTemplate":"https:\/\/ampofoundry.com\/es\/?s={search_term_string}"},"query-input":{"@type":"PropertyValueSpecification","valueRequired":true,"valueName":"search_term_string"}}],"inLanguage":"es"},{"@type":"Organization","@id":"https:\/\/ampofoundry.com\/es\/#organization","name":"Ampo Foundry & Forgings","url":"https:\/\/ampofoundry.com\/es\/","logo":{"@type":"ImageObject","inLanguage":"es","@id":"https:\/\/ampofoundry.com\/es\/#\/schema\/logo\/image\/","url":"https:\/\/ampofoundry.com\/wp-content\/uploads\/2023\/09\/logo-foundry-forgings.png","contentUrl":"https:\/\/ampofoundry.com\/wp-content\/uploads\/2023\/09\/logo-foundry-forgings.png","width":386,"height":194,"caption":"Ampo Foundry & Forgings"},"image":{"@id":"https:\/\/ampofoundry.com\/es\/#\/schema\/logo\/image\/"}}]}},"_links":{"self":[{"href":"https:\/\/ampofoundry.com\/es\/wp-json\/wp\/v2\/pages\/12323","targetHints":{"allow":["GET"]}}],"collection":[{"href":"https:\/\/ampofoundry.com\/es\/wp-json\/wp\/v2\/pages"}],"about":[{"href":"https:\/\/ampofoundry.com\/es\/wp-json\/wp\/v2\/types\/page"}],"author":[{"embeddable":true,"href":"https:\/\/ampofoundry.com\/es\/wp-json\/wp\/v2\/users\/1"}],"replies":[{"embeddable":true,"href":"https:\/\/ampofoundry.com\/es\/wp-json\/wp\/v2\/comments?post=12323"}],"version-history":[{"count":3,"href":"https:\/\/ampofoundry.com\/es\/wp-json\/wp\/v2\/pages\/12323\/revisions"}],"predecessor-version":[{"id":12401,"href":"https:\/\/ampofoundry.com\/es\/wp-json\/wp\/v2\/pages\/12323\/revisions\/12401"}],"wp:attachment":[{"href":"https:\/\/ampofoundry.com\/es\/wp-json\/wp\/v2\/media?parent=12323"}],"curies":[{"name":"wp","href":"https:\/\/api.w.org\/{rel}","templated":true}]}}