{"id":12352,"date":"2024-05-14T08:39:34","date_gmt":"2024-05-14T08:39:34","guid":{"rendered":"https:\/\/ampofoundry.com\/?page_id=12352"},"modified":"2024-05-14T08:40:46","modified_gmt":"2024-05-14T08:40:46","slug":"sistema-interno-de-informacion","status":"publish","type":"page","link":"https:\/\/ampofoundry.com\/es\/sistema-interno-de-informacion\/","title":{"rendered":"Sistema Interno de Informaci\u00f3n"},"content":{"rendered":"<p><span style=\"font-weight: 400;\">En AMPO S.COOP contamos con un Sistema Interno de Informaci\u00f3n (<\/span><b>SII<\/b><span style=\"font-weight: 400;\">) para dar respuesta a las obligaciones establecidas por la\u00a0<\/span><b>LPI:<\/b><span style=\"font-weight: 400;\">\u00a0<\/span><a class=\"link\" href=\"https:\/\/www.boe.es\/eli\/es\/l\/2023\/02\/20\/2\/con\" target=\"_blank\" rel=\"noopener\"><i><span style=\"font-weight: 400;\">Ley 2\/2023, de 20 de febrero, reguladora de la protecci\u00f3n de las personas que informen sobre infracciones normativas y de lucha contra la corrupci\u00f3n.<\/span><\/i><\/a><\/p>\n<p><span style=\"font-weight: 400;\">A trav\u00e9s de los canales internos habilitados, cualquier persona relacionada, laboral o profesionalmente con nuestra organizaci\u00f3n, podr\u00e1 comunicarnos un posible incumplimiento normativo, legal o de nuestro C\u00f3digo de Conducta, con plenas garant\u00edas de confidencialidad y sin que pueda sufrir ninguna represalia por ello, siempre que haya actuado de buena fe y movida por el inter\u00e9s general.<\/span><\/p>\n<p><span style=\"font-weight: 400;\">El SII se encuadra dentro de nuestro Sistema de Compliance y est\u00e1 compuesto por una pol\u00edtica que gu\u00eda su dise\u00f1o y funcionamiento, un \u00f3rgano responsable, espec\u00edfico e independiente, unos canales de recepci\u00f3n de comunicaciones, dise\u00f1ados y habilitados para cumplir con los requisitos legales de seguridad y confidencialidad, un procedimiento interno de gesti\u00f3n de las comunicaciones que garantiza los requisitos de protecci\u00f3n, confidencialidad, objetividad y eficacia del proceso de recepci\u00f3n, tramitaci\u00f3n y resoluci\u00f3n de comunicaciones recibidas, y un\u00a0sistema inform\u00e1tico\u00a0(aplicativo SII) que soporta tanto el canal de recepci\u00f3n como la comunicaci\u00f3n y la gesti\u00f3n interna de la tramitaci\u00f3n.<\/span><\/p>\n<p style=\"text-align: center;\"><a href=\"https:\/\/whistleblowersoftware.com\/secure\/AMPO\" target=\"_blank\" rel=\"noopener\">Canal interno de comunicaci\u00f3n<\/a><\/p>\n","protected":false},"excerpt":{"rendered":"<p>En AMPO S.COOP contamos con un Sistema Interno de Informaci\u00f3n (SII) para dar respuesta a las obligaciones establecidas por la\u00a0LPI:\u00a0Ley 2\/2023, de 20 de febrero, reguladora de la protecci\u00f3n de las personas que informen sobre infracciones normativas y de lucha contra la corrupci\u00f3n. A trav\u00e9s de los canales internos habilitados, cualquier persona relacionada, laboral o [&hellip;]<\/p>\n","protected":false},"author":1,"featured_media":0,"parent":0,"menu_order":0,"comment_status":"closed","ping_status":"closed","template":"","meta":{"_acf_changed":false,"inline_featured_image":false,"footnotes":""},"class_list":["post-12352","page","type-page","status-publish","hentry"],"acf":[],"yoast_head":"<!-- This site is optimized with the Yoast SEO plugin v26.0 - https:\/\/yoast.com\/wordpress\/plugins\/seo\/ -->\n<title>Sistema Interno de Informaci\u00f3n - Ampo Foundry<\/title>\n<meta name=\"robots\" content=\"index, follow, max-snippet:-1, max-image-preview:large, max-video-preview:-1\" \/>\n<link rel=\"canonical\" href=\"https:\/\/ampofoundry.com\/es\/sistema-interno-de-informacion\/\" \/>\n<meta property=\"og:locale\" content=\"es_ES\" \/>\n<meta property=\"og:type\" content=\"article\" \/>\n<meta property=\"og:title\" content=\"Sistema Interno de Informaci\u00f3n - Ampo Foundry\" \/>\n<meta property=\"og:description\" content=\"En AMPO S.COOP contamos con un Sistema Interno de Informaci\u00f3n (SII) para dar respuesta a las obligaciones establecidas por la\u00a0LPI:\u00a0Ley 2\/2023, de 20 de febrero, reguladora de la protecci\u00f3n de las personas que informen sobre infracciones normativas y de lucha contra la corrupci\u00f3n. A trav\u00e9s de los canales internos habilitados, cualquier persona relacionada, laboral o [&hellip;]\" \/>\n<meta property=\"og:url\" content=\"https:\/\/ampofoundry.com\/es\/sistema-interno-de-informacion\/\" \/>\n<meta property=\"og:site_name\" content=\"Ampo Foundry\" \/>\n<meta property=\"article:modified_time\" content=\"2024-05-14T08:40:46+00:00\" \/>\n<meta name=\"twitter:card\" content=\"summary_large_image\" \/>\n<meta name=\"twitter:label1\" content=\"Tiempo de lectura\" \/>\n\t<meta name=\"twitter:data1\" content=\"1 minuto\" \/>\n<script type=\"application\/ld+json\" class=\"yoast-schema-graph\">{\"@context\":\"https:\/\/schema.org\",\"@graph\":[{\"@type\":\"WebPage\",\"@id\":\"https:\/\/ampofoundry.com\/es\/sistema-interno-de-informacion\/\",\"url\":\"https:\/\/ampofoundry.com\/es\/sistema-interno-de-informacion\/\",\"name\":\"Sistema Interno de Informaci\u00f3n - Ampo Foundry\",\"isPartOf\":{\"@id\":\"https:\/\/ampofoundry.com\/es\/#website\"},\"datePublished\":\"2024-05-14T08:39:34+00:00\",\"dateModified\":\"2024-05-14T08:40:46+00:00\",\"breadcrumb\":{\"@id\":\"https:\/\/ampofoundry.com\/es\/sistema-interno-de-informacion\/#breadcrumb\"},\"inLanguage\":\"es\",\"potentialAction\":[{\"@type\":\"ReadAction\",\"target\":[\"https:\/\/ampofoundry.com\/es\/sistema-interno-de-informacion\/\"]}]},{\"@type\":\"BreadcrumbList\",\"@id\":\"https:\/\/ampofoundry.com\/es\/sistema-interno-de-informacion\/#breadcrumb\",\"itemListElement\":[{\"@type\":\"ListItem\",\"position\":1,\"name\":\"Portada\",\"item\":\"https:\/\/ampofoundry.com\/es\/\"},{\"@type\":\"ListItem\",\"position\":2,\"name\":\"Sistema Interno de Informaci\u00f3n\"}]},{\"@type\":\"WebSite\",\"@id\":\"https:\/\/ampofoundry.com\/es\/#website\",\"url\":\"https:\/\/ampofoundry.com\/es\/\",\"name\":\"Ampo Foundry & Forgings\",\"description\":\"\",\"publisher\":{\"@id\":\"https:\/\/ampofoundry.com\/es\/#organization\"},\"potentialAction\":[{\"@type\":\"SearchAction\",\"target\":{\"@type\":\"EntryPoint\",\"urlTemplate\":\"https:\/\/ampofoundry.com\/es\/?s={search_term_string}\"},\"query-input\":{\"@type\":\"PropertyValueSpecification\",\"valueRequired\":true,\"valueName\":\"search_term_string\"}}],\"inLanguage\":\"es\"},{\"@type\":\"Organization\",\"@id\":\"https:\/\/ampofoundry.com\/es\/#organization\",\"name\":\"Ampo Foundry & Forgings\",\"url\":\"https:\/\/ampofoundry.com\/es\/\",\"logo\":{\"@type\":\"ImageObject\",\"inLanguage\":\"es\",\"@id\":\"https:\/\/ampofoundry.com\/es\/#\/schema\/logo\/image\/\",\"url\":\"https:\/\/ampofoundry.com\/wp-content\/uploads\/2023\/09\/logo-foundry-forgings.png\",\"contentUrl\":\"https:\/\/ampofoundry.com\/wp-content\/uploads\/2023\/09\/logo-foundry-forgings.png\",\"width\":386,\"height\":194,\"caption\":\"Ampo Foundry & Forgings\"},\"image\":{\"@id\":\"https:\/\/ampofoundry.com\/es\/#\/schema\/logo\/image\/\"}}]}<\/script>\n<!-- \/ Yoast SEO plugin. -->","yoast_head_json":{"title":"Sistema Interno de Informaci\u00f3n - Ampo Foundry","robots":{"index":"index","follow":"follow","max-snippet":"max-snippet:-1","max-image-preview":"max-image-preview:large","max-video-preview":"max-video-preview:-1"},"canonical":"https:\/\/ampofoundry.com\/es\/sistema-interno-de-informacion\/","og_locale":"es_ES","og_type":"article","og_title":"Sistema Interno de Informaci\u00f3n - Ampo Foundry","og_description":"En AMPO S.COOP contamos con un Sistema Interno de Informaci\u00f3n (SII) para dar respuesta a las obligaciones establecidas por la\u00a0LPI:\u00a0Ley 2\/2023, de 20 de febrero, reguladora de la protecci\u00f3n de las personas que informen sobre infracciones normativas y de lucha contra la corrupci\u00f3n. A trav\u00e9s de los canales internos habilitados, cualquier persona relacionada, laboral o [&hellip;]","og_url":"https:\/\/ampofoundry.com\/es\/sistema-interno-de-informacion\/","og_site_name":"Ampo Foundry","article_modified_time":"2024-05-14T08:40:46+00:00","twitter_card":"summary_large_image","twitter_misc":{"Tiempo de lectura":"1 minuto"},"schema":{"@context":"https:\/\/schema.org","@graph":[{"@type":"WebPage","@id":"https:\/\/ampofoundry.com\/es\/sistema-interno-de-informacion\/","url":"https:\/\/ampofoundry.com\/es\/sistema-interno-de-informacion\/","name":"Sistema Interno de Informaci\u00f3n - Ampo Foundry","isPartOf":{"@id":"https:\/\/ampofoundry.com\/es\/#website"},"datePublished":"2024-05-14T08:39:34+00:00","dateModified":"2024-05-14T08:40:46+00:00","breadcrumb":{"@id":"https:\/\/ampofoundry.com\/es\/sistema-interno-de-informacion\/#breadcrumb"},"inLanguage":"es","potentialAction":[{"@type":"ReadAction","target":["https:\/\/ampofoundry.com\/es\/sistema-interno-de-informacion\/"]}]},{"@type":"BreadcrumbList","@id":"https:\/\/ampofoundry.com\/es\/sistema-interno-de-informacion\/#breadcrumb","itemListElement":[{"@type":"ListItem","position":1,"name":"Portada","item":"https:\/\/ampofoundry.com\/es\/"},{"@type":"ListItem","position":2,"name":"Sistema Interno de Informaci\u00f3n"}]},{"@type":"WebSite","@id":"https:\/\/ampofoundry.com\/es\/#website","url":"https:\/\/ampofoundry.com\/es\/","name":"Ampo Foundry & Forgings","description":"","publisher":{"@id":"https:\/\/ampofoundry.com\/es\/#organization"},"potentialAction":[{"@type":"SearchAction","target":{"@type":"EntryPoint","urlTemplate":"https:\/\/ampofoundry.com\/es\/?s={search_term_string}"},"query-input":{"@type":"PropertyValueSpecification","valueRequired":true,"valueName":"search_term_string"}}],"inLanguage":"es"},{"@type":"Organization","@id":"https:\/\/ampofoundry.com\/es\/#organization","name":"Ampo Foundry & Forgings","url":"https:\/\/ampofoundry.com\/es\/","logo":{"@type":"ImageObject","inLanguage":"es","@id":"https:\/\/ampofoundry.com\/es\/#\/schema\/logo\/image\/","url":"https:\/\/ampofoundry.com\/wp-content\/uploads\/2023\/09\/logo-foundry-forgings.png","contentUrl":"https:\/\/ampofoundry.com\/wp-content\/uploads\/2023\/09\/logo-foundry-forgings.png","width":386,"height":194,"caption":"Ampo Foundry & Forgings"},"image":{"@id":"https:\/\/ampofoundry.com\/es\/#\/schema\/logo\/image\/"}}]}},"_links":{"self":[{"href":"https:\/\/ampofoundry.com\/es\/wp-json\/wp\/v2\/pages\/12352","targetHints":{"allow":["GET"]}}],"collection":[{"href":"https:\/\/ampofoundry.com\/es\/wp-json\/wp\/v2\/pages"}],"about":[{"href":"https:\/\/ampofoundry.com\/es\/wp-json\/wp\/v2\/types\/page"}],"author":[{"embeddable":true,"href":"https:\/\/ampofoundry.com\/es\/wp-json\/wp\/v2\/users\/1"}],"replies":[{"embeddable":true,"href":"https:\/\/ampofoundry.com\/es\/wp-json\/wp\/v2\/comments?post=12352"}],"version-history":[{"count":2,"href":"https:\/\/ampofoundry.com\/es\/wp-json\/wp\/v2\/pages\/12352\/revisions"}],"predecessor-version":[{"id":12354,"href":"https:\/\/ampofoundry.com\/es\/wp-json\/wp\/v2\/pages\/12352\/revisions\/12354"}],"wp:attachment":[{"href":"https:\/\/ampofoundry.com\/es\/wp-json\/wp\/v2\/media?parent=12352"}],"curies":[{"name":"wp","href":"https:\/\/api.w.org\/{rel}","templated":true}]}}