{"id":12321,"date":"2023-06-26T10:34:12","date_gmt":"2023-06-26T10:34:12","guid":{"rendered":"https:\/\/ampofoundry.com\/cookie-policy\/"},"modified":"2024-09-04T13:39:46","modified_gmt":"2024-09-04T13:39:46","slug":"cookie-politika","status":"publish","type":"page","link":"https:\/\/ampofoundry.com\/eu\/cookie-politika\/","title":{"rendered":"Cookie-politika"},"content":{"rendered":"<h2>Zer da cookie bat?<\/h2>\n<p>Cookieak (eta objektu baliabide analogoak, hala nola lokalak, flash cookieak, web beaconak, bug-ak, eta abar) webgune batean bisitatzen duen erabiltzaileak erabiltzen duen gailuan deskargatzen diren informazio-txikien fitxategiak dira. Bere helburu nagusia, alde batetik, erabiltzailea aintzat hartzea webgunean sartzeko bakoitzean nabigazio-preferentziak ezarritakoaren arabera erakusteko; eta, halaber, bere kasuan, erabiltzailearen nabigazioa aztertu.<\/p>\n<p>&nbsp;<\/p>\n<h2>Baimena eskatu gabe erabil daitezkeen cookie-ak buruzko informazio orokorra<\/h2>\n<p>Legean ezarritakoaren arabera, cookie-ak erabiltzen dituzten edozein web orrian, argi eta osoko informazioa eman behar da haien helburu edo helburuei buruz, erabiltzaileek ez dute konponbidea eskuratu behar, bai eta datuak deskargatu baino lehen ere, erabiltzailearen adospen esplizitua eskuratzea ere beharrezkoa da, izan ere, &#8220;adosturik gabeko&#8221; cookie izenekoak izango dira salbu.<\/p>\n<p>Adosturik gabeko cookie-en artean daudenak honakoak dira:<\/p>\n<ul>\n<li><strong>Teknikako edo esentzialako cookie-ak:<\/strong> Hauek baimendu egiten diete erabiltzaileari webgune, plataforma edo aplikazio baten bidez nabigatzeko eta bertan dauden aukerak edo zerbitzuak erabiltzeko, adibidez, datu-trafikoa eta komunikazioa kontrolatzea, saioa identifikatzea, sarrera mugatuak baimendutako zatietara sartzea, eskaeran integratutako elementuak gogoratzea, eskaeran eskaeraren erosketa-prozesua egitea, ordainketa kudeatzea, zerbitzuaren segurtasunarekin lotutako bederatzi-sarrera eskaera edo parte hartze-eskaera egitea, softwarearen lizentziak fakturatzeko bisiteak egitea, nabigazioan segurtasun-elementuak erabiltzea, bideo edo soinuaren hedapenerako edukia gordetzea, edukia dinamikoak (adibidez, testu edo irudien kargak animatzea) gaitzea edo edukiak sare sozialetan partekatzea, erabiltzaileak saioa irekita utzi duen kasuetan.<\/li>\n<li><strong>Berezkoiztapen cookie-ak:<\/strong> Hauek erabiltzaileari informazioa gogoratzeko aukera ematen diote, eta hau egiten dute erabiltzaileak bereziki bere esperientziak beste erabiltzaile batzuen esperientzietatik bereizten ahal ditzaketen ezaugarriak konfiguratuz; adibidez, hizkuntza, bilaketa egiten duenean erakutsi behar diren emaitzen kopurua, erabiltzaileak zerbitzura sartzen den nabigatzaile motaren arabera edo zerbitzura sartzen den eskualdearen arabera, etab.<\/li>\n<li><strong>Analisi edo audientzia-mezurenak izan ezikoa dauden cookie-ak:<\/strong> Hauek trafiko eta errendimendu estatistika anonimoak eskuratzen laguntzen dute, bai erabiltzailearen webgunearen editoreak erabiliko duen cookie hauetaz soilik, inork ez baita hirugarren batentzako eksploitazioa egiten eta hurrengo neurketetara mugatuak dira:\n<ul>\n<li>Ikusle-audientzia, orrialde bakoitzeko.<\/li>\n<li>Gaurko orrialdea eskatzeko esteketatik datorren orrialdearen zerrenda (&#8220;erreferentzia&#8221; bezala ezagutzen den bat), webgune barrutik edo kanpotik datorrena, orrialde bakoitzeko eta egunero agregatuak.<\/li>\n<li>Bisitarien gailuaren, nabigatzailearen eta pantaila-tamainaren motaren determinazioa, orrialde bakoitzeko eta egunero agregatuak.<\/li>\n<li>Orrialdearen kargatze- denbora-estatistikak, orrialde bakoitzeko eta orduan agregatuak.<\/li>\n<li>Orrialde bakoitzari emandako denbora-estatistikak, errebote-tasa, gora-bidetzearen sakonera, orrialde bakoitzeko eta egunero agregatuak.<\/li>\n<li>Erabiltzaileen ekintza-estatistikak (klikak, hautapenak), orrialde bakoitzeko eta egunero agregatuak.<\/li>\n<li>Eskaerak jasotzen diren geografiko-eremuko estatistikak, orrialde bakoitzeko eta egunero agregatuak.<\/li>\n<\/ul>\n<\/li>\n<\/ul>\n<p>Cookie mota hauetakoak gehienez hamahiru hilabete batez aktiboak izango dira, eta honen ondoren erabiltzailearen adospen esplizitua berriz eskatuko da. Jaso diren datu pertsonalak gehienez hogei eta lau hilabetez gorako denboraldi batez ez dira kontserbatuko.<\/p>\n<p>&nbsp;<\/p>\n<h2>Baimena eskatu beharreko cookie-ak<\/h2>\n<p>Cookieak hainbat irizpideetan sailkatzeko aukera dago. Legezko ikuspegitik eta aurreko atalean azaldu den bezala, cookieak salbueta eta salbueta ez direnak daude. Sailkapen arloetan atenditzen diren beste irizpide batzuk daude (cookieen kudeaketa mota (bereak edo hirugarrenenak), aktibazio denbora (saio-cookieak eta cookie permanentak) edo helburu mota).<\/p>\n<p>Salbueta ez diren cookieak helburuaren arabera sailkapen iraunkorra da, batez ere garrantzitsuena. Ikuspegitik, salbueta ez diren cookieak hauek izan daitezke:<\/p>\n<ul>\n<li><strong>Ezetz salbueta dituzten cookieak:<\/strong> Erabiltzaileak zerbitzura sartzeko aukera ematen dio cookie horiek, erabiltzaileak aukera hau aintzat hartu gabe bertan aplikatzen den gauza orokorrak direla-eta, adibidez, nabigazioaren sarrera detektatutako eskualdearen arabera.<\/li>\n<li><strong>Analisi edo audientzia-neurketak ezetz salbueta dituzten cookieak:<\/strong> Aurreko atalean adierazitako eskakizunak betetzen ez dituztenak dira, edo neurketa horiek aurreko zehaztapen listan sartzen ez direnak, informazioa hirugarrenekin trukatzen badute edo anonimoak ez badira.<\/li>\n<li><strong>Osagai-cookieak:<\/strong> Kanpoko eduki hornitzaileen osagaien erabilera beharrezkoak dira, erabiltzaileak bideoak Youtubeen ikusteko, Google Maps-eko kokapen geografikoak, sare sozialen konexioa, etab, aurreko eskatutako edukiak edukitzeko. Cookie hauek kanpoko hornitzaileen cookie-politikak arautzen dituzte.<\/li>\n<\/ul>\n<p>Webgune batean sartzen diren sare sozialen osagaiak klik eginez, erabiltzailearen nabigatzailea sare sozialen zerbitzarira konektatuko da, hau da, sare sozialaren hornitzailea erabiltzailea zein webguneetatik datorren jakiteko. Lotura hau sortu nahi ez baduzu, sare sozialaren webgunean saioa ixten duzula jakinarazi behar duzu webgune batean sartu aurretik.<\/p>\n<p>&nbsp;<\/p>\n<h2>Zer nortasuneko cookieak erabiltzen ditu webgune hau?<\/h2>\n<p>Webgune honek berezko eta hirugarrenen cookieak erabiltzen ditu, helburu desberdinetarako (teknikoak edo oinarrizkoak, pertsonalizazioak, analitikoak, jokabide-ikuspegiak eta osagaiak). Erabiliko diren cookie zehatzak ikusi nahi badituzu, webgunearen oinpiean edo footeran dagoen esteka etengabea erabil dezakezu (&#8220;manage cookies&#8221; &#8211; &#8220;cookieak kudeatu&#8221;) panelaren bidez.<\/p>\n<p>Datu pertsonalen tratamendua inkluditzen duen cookieei, <a class=\"link\" href=\"https:\/\/www.ampo.com\/eu\/datu-pertsonalak-babesteko-politika\/\">Pribatutasun-politika<\/a> aplikatzen zaie.<\/p>\n<p>&nbsp;<\/p>\n<h2>Nola desaktiba edo ezaba daiteke cookieak?<\/h2>\n<p>Webgune honetako cookieak desaktiba edo ezaba ditzakezu edozein unetan. Hori modu desberdinetara egiten da, erabiltzen duzun nabigatzailearen arabera.<\/p>\n<p>Ondoren, nabigatzaile nagusien laguntza-webgune ofizialen informazioa eta estekak ematen dizkizugu, zurea konfigura dezazun, cookieak onartzen dituzun ala ez erabaki ahal izateko.2<\/p>\n<p>Horrela, nabigatzailea konfiguratzeko tresnen bidez cookieak blokea ditzakezu, edo nabigatzailea konfigura dezakezu, zerbitzariren batek cookieak instalatu nahi dituenean abisu emateko:<\/p>\n<ol>\n<li><strong>Microsoft Internet Explorer<\/strong> erabiltzen baduzu, menu\u00e1ren Tresnak\u0301 &gt; Interneteko aukerak &gt; Pribatutasuna &gt; Konfigurazi\u00f3a atalera joan. Informazio gehiago izateko,\u0301 bisitatu: <a class=\"link\" href=\"https:\/\/support.microsoft.com\/es-es\/topic\/eliminar-y-administrar-cookies-168dab11-0753-043d-7c16-ede5947fc64d\" target=\"_blank\" rel=\"noopener\">https:\/\/support.microsoft.com\/es-es\/topic\/eliminar-y-administrar-cookies-168dab11-0753-043d-7c16-ede5947fc64d<\/a><\/li>\n<li><strong>Firefox<\/strong> erabiltzen baduzu, menu\u00e1n ren\u0301 Tresnak &gt; Aukerak &gt; Pribatutasuna &gt; Cookieak atalera joan. Informazio gehiago izateko,\u0301 bisitatu: <a class=\"link\" href=\"http:\/\/support.mozilla.org\/es\/kb\/habilitar-y-deshabilitar-cookies-que-los-sitios-we\" target=\"_blank\" rel=\"noopener\">http:\/\/support.mozilla.org\/es\/kb\/habilitar-y-deshabilitar-cookies-que-los-sitios-we<\/a><\/li>\n<li><strong>Chrome<\/strong> erabiltzen baduzu, menuaren\u0301 Aukerak &gt; Aukera aurreratuak &gt; Pribatutasuna atalera joan. Informazio gehiago izateko,\u0301 bisitatu: <a class=\"link\" href=\"http:\/\/support.google.com\/chrome\/bin\/answer.py?hl=es&amp;answer=95647\" target=\"_blank\" rel=\"noopener\">http:\/\/support.google.com\/chrome\/bin\/answer.py?hl=es&amp;answer=95647<\/a><\/li>\n<li><strong>Opera<\/strong> erabiltzen baduzu, Segurtasuna eta Pribatutasuna aukeran konfigura dezakezu nabigatzailea. Informazio gehiago izateko, bisitatu: <a class=\"link\" href=\"http:\/\/www.opera.com\/help\/tutorials\/security\/cookies\/\" target=\"_blank\" rel=\"noopener\">http:\/\/www.opera.com\/help\/tutorials\/security\/cookies\/<\/a><\/li>\n<\/ol>\n<p>&nbsp;<\/p>\n<h2>Datuen Transferentziak Nazioartekoak buruzko Informazioa<\/h2>\n<p>Webgune honek Espazio Ekonomiko Europarreko ez diren herrialdeetara Datuen Transferentziak Nazioartekoak (TID) suposatu ditzaketen cookieak erabiltzen ditu. Adibidez, Google Analytics-en cookieak, Estatu Batuetara transferentziak suposatu ditzaketenak, Europar Batasunak eta Estatu Batuen arteko Datuen Pribatutasunaren Esparruko acordioaren <a class=\"link\" href=\"https:\/\/www.dataprivacyframework.gov\/s\/participant-search\">parte-hartzaileen zerrendan<\/a> -Google-ko kudeatzailearen adospena dela- bermatuta egongo direnak.<\/p>\n<p>Beste kasuetan, aholkatzen da datuen tratamenduaren politika eta cookieen politika irakurtzea kudeatzaileentzat.<\/p>\n<p>&nbsp;<\/p>\n<h2>Identifikazio-datuak<\/h2>\n<p>Informazioaren Gizartearen Zerbitzuen eta Merkataritza Elektronikoaren 34\/2002 Legea eta merkataritza elektronikoa gobernatzen duten arauak betez, jakinarazten dizugu webgune hau <span style=\"font-weight: 400;\">AMPO SOCIEDAD COOPERATIVA (AMPO)<\/span> enpresa, <span style=\"font-weight: 400;\">\u00a0F-20027090 IFZ<\/span> zenbakiduna, <span style=\"font-weight: 400;\">Katea auzoa, z.g. \u2013 20213 PK \u2013 Idiazabal \u2013 Gipuzkoa (Espainia)<\/span> helbidea duena<span style=\"font-weight: 400;\">, aurrerantzean AMPO.<\/span><\/p>\n<p>&nbsp;<\/p>\n<h2>Zure cookie-en lehentasunak nola konfiguratu nahi dituzu?<\/h2>\n<p><span style=\"font-weight: 400;\">En caso de que el usuario hubiese aceptado la utilizaci\u00f3n de una o varias tipolog\u00edas de cookies no exceptuadas, en cualquier momento posterior podr\u00e1 cambiar su configuraci\u00f3n, rechazando o deshabilitando su utilizaci\u00f3n a trav\u00e9s del cuadro de configuraci\u00f3n de cookies del sitio web.\u00a0<\/span><\/p>\n<p><span style=\"font-weight: 400;\">De igual manera, el usuario puede permitir, bloquear o eliminar las cookies instaladas en su equipo mediante la configuraci\u00f3n de las opciones del navegador instalado en su ordenador.<\/span><\/p>\n<p><span style=\"font-weight: 400;\">En todo caso, debe saber que si opta por bloquear o eliminar las cookies no podremos mantener sus preferencias y es posible que algunas caracter\u00edsticas de la p\u00e1gina web no est\u00e9n operativas, o que tengamos que solicitarte de nuevo autorizaci\u00f3n para su uso.\u00a0<\/span><\/p>\n<p><span style=\"font-weight: 400;\">Tenga en cuenta que, si acepta las cookies de terceros, deber\u00e1 eliminarlas desde las opciones del navegador o desde el sistema ofrecido por el propio tercero.<\/span><\/p>\n<p><span style=\"font-weight: 400;\">Para m\u00e1s informaci\u00f3n sobre c\u00f3mo deshabilitar cookies desde los navegadores, consulte:\u00a0<\/span><\/p>\n<p><b>Microsoft Edge: <\/b><a class=\"link\" href=\"about:blank\"><span style=\"font-weight: 400;\">edge:\/\/settings\/privacy<\/span><\/a><\/p>\n<p><b>Mozilla Firefox: <\/b><a class=\"link\" href=\"https:\/\/support.mozilla.org\/es\/kb\/habilitar-y-deshabilitar-cookies-sitios-web-rastrear-preferencias\"><span style=\"font-weight: 400;\">https:\/\/support.mozilla.org\/es\/kb\/habilitar-y-deshabilitar-cookies-sitios-web-rastrear-preferencias<\/span><\/a><span style=\"font-weight: 400;\">\u00a0<\/span><\/p>\n<p><b>Google Chrome: <\/b><a class=\"link\" href=\"https:\/\/support.google.com\/chrome\/answer\/95647?hl=es\"><span style=\"font-weight: 400;\">https:\/\/support.google.com\/chrome\/answer\/95647?hl=es<\/span><\/a><span style=\"font-weight: 400;\">\u00a0<\/span><\/p>\n<p><b>Safari: <\/b><a class=\"link\" href=\"http:\/\/support.apple.com\/kb\/ph5042\"><span style=\"font-weight: 400;\">http:\/\/support.apple.com\/kb\/ph5042<\/span><\/a><span style=\"font-weight: 400;\">\u00a0<\/span><\/p>\n<p>&nbsp;<\/p>\n<p><span style=\"font-weight: 400;\"><strong>Opt-out cookie-ak<\/strong>: <\/span>\u201cOpt-out cookie-ak\u201d zerbitzari jakin baterako dira espezifikoak, beraz, enpresa konkretu bakar baten cookie-ak blokeatzen dituzte. Blokeo orokorrago bat egiteko, erabiltzaileek euren nabigatzaileen ezarpenetan cookie-ak konfiguratzea beharrezkoa da.<\/p>\n<ul>\n<li style=\"font-weight: 400;\" aria-level=\"1\"><span style=\"font-weight: 400;\">Google Analytics-etik Opt-out: <\/span><a class=\"link\" href=\"https:\/\/tools.google.com\/dlpage\/gaoptout?hl=None\"><span style=\"font-weight: 400;\">https:\/\/tools.google.com\/dlpage\/gaoptout?hl=None<\/span><\/a><\/li>\n<\/ul>\n<p>&nbsp;<\/p>\n<h2>Ohar osagarriak<\/h2>\n<p>AMPO-k ez du erantzukizunik hartzen cookie-politika honetan aipatzen diren hirugarrenen pribatutasun-politiken edukiaren eta egiazkotasunaren gainean.<\/p>\n<p>Web-nabigatzaileak dira cookieak gordetzen dituzten tresnak, eta horien bitartez gauzatu behar duzu cookieak ezabatzeko edo desaktibatzeko eskubidea. AMPO-k ezin du bermatu nabigatzaile horiek behar bezala maneiatuko dituztela cookieak.<\/p>\n<p>Zenbaitetan, cookieak instalatu behar dira, ordenagailuak gogora dezan ez duzula cookierik onartzen.<\/p>\n<p>Cookie-politika honen gaineko zalantzarik edo galderarik bazenu, jar zaitez gurekin harremanetan, aipatutako helbidera edo lopd@ampo.com helbide elektronikora idatziz.<\/p>\n<p>&nbsp;<\/p>\n","protected":false},"excerpt":{"rendered":"<p>Zer da cookie bat? Cookieak (eta objektu baliabide analogoak, hala nola lokalak, flash cookieak, web beaconak, bug-ak, eta abar) webgune batean bisitatzen duen erabiltzaileak erabiltzen duen gailuan deskargatzen diren informazio-txikien fitxategiak dira. Bere helburu nagusia, alde batetik, erabiltzailea aintzat hartzea webgunean sartzeko bakoitzean nabigazio-preferentziak ezarritakoaren arabera erakusteko; eta, halaber, bere kasuan, erabiltzailearen nabigazioa aztertu. &nbsp; [&hellip;]<\/p>\n","protected":false},"author":1,"featured_media":0,"parent":0,"menu_order":0,"comment_status":"closed","ping_status":"closed","template":"","meta":{"_acf_changed":false,"inline_featured_image":false,"footnotes":""},"class_list":["post-12321","page","type-page","status-publish","hentry"],"acf":[],"yoast_head":"<!-- This site is optimized with the Yoast SEO plugin v26.0 - https:\/\/yoast.com\/wordpress\/plugins\/seo\/ -->\n<title>Cookie-politika - Ampo Foundry<\/title>\n<meta name=\"robots\" content=\"index, follow, max-snippet:-1, max-image-preview:large, max-video-preview:-1\" \/>\n<link rel=\"canonical\" href=\"https:\/\/ampofoundry.com\/eu\/cookie-politika\/\" \/>\n<meta property=\"og:locale\" content=\"eu_ES\" \/>\n<meta property=\"og:type\" content=\"article\" \/>\n<meta property=\"og:title\" content=\"Cookie-politika - Ampo Foundry\" \/>\n<meta property=\"og:description\" content=\"Zer da cookie bat? Cookieak (eta objektu baliabide analogoak, hala nola lokalak, flash cookieak, web beaconak, bug-ak, eta abar) webgune batean bisitatzen duen erabiltzaileak erabiltzen duen gailuan deskargatzen diren informazio-txikien fitxategiak dira. Bere helburu nagusia, alde batetik, erabiltzailea aintzat hartzea webgunean sartzeko bakoitzean nabigazio-preferentziak ezarritakoaren arabera erakusteko; eta, halaber, bere kasuan, erabiltzailearen nabigazioa aztertu. &nbsp; [&hellip;]\" \/>\n<meta property=\"og:url\" content=\"https:\/\/ampofoundry.com\/eu\/cookie-politika\/\" \/>\n<meta property=\"og:site_name\" content=\"Ampo Foundry\" \/>\n<meta property=\"article:modified_time\" content=\"2024-09-04T13:39:46+00:00\" \/>\n<meta name=\"twitter:card\" content=\"summary_large_image\" \/>\n<meta name=\"twitter:label1\" content=\"Est. reading time\" \/>\n\t<meta name=\"twitter:data1\" content=\"6 minutes\" \/>\n<script type=\"application\/ld+json\" class=\"yoast-schema-graph\">{\"@context\":\"https:\/\/schema.org\",\"@graph\":[{\"@type\":\"WebPage\",\"@id\":\"https:\/\/ampofoundry.com\/eu\/cookie-politika\/\",\"url\":\"https:\/\/ampofoundry.com\/eu\/cookie-politika\/\",\"name\":\"Cookie-politika - Ampo Foundry\",\"isPartOf\":{\"@id\":\"https:\/\/ampofoundry.com\/es\/#website\"},\"datePublished\":\"2023-06-26T10:34:12+00:00\",\"dateModified\":\"2024-09-04T13:39:46+00:00\",\"breadcrumb\":{\"@id\":\"https:\/\/ampofoundry.com\/eu\/cookie-politika\/#breadcrumb\"},\"inLanguage\":\"eu-ES\",\"potentialAction\":[{\"@type\":\"ReadAction\",\"target\":[\"https:\/\/ampofoundry.com\/eu\/cookie-politika\/\"]}]},{\"@type\":\"BreadcrumbList\",\"@id\":\"https:\/\/ampofoundry.com\/eu\/cookie-politika\/#breadcrumb\",\"itemListElement\":[{\"@type\":\"ListItem\",\"position\":1,\"name\":\"Portada\",\"item\":\"https:\/\/ampofoundry.com\/eu\/\"},{\"@type\":\"ListItem\",\"position\":2,\"name\":\"Cookie-politika\"}]},{\"@type\":\"WebSite\",\"@id\":\"https:\/\/ampofoundry.com\/es\/#website\",\"url\":\"https:\/\/ampofoundry.com\/es\/\",\"name\":\"Ampo Foundry & Forgings\",\"description\":\"\",\"publisher\":{\"@id\":\"https:\/\/ampofoundry.com\/es\/#organization\"},\"potentialAction\":[{\"@type\":\"SearchAction\",\"target\":{\"@type\":\"EntryPoint\",\"urlTemplate\":\"https:\/\/ampofoundry.com\/es\/?s={search_term_string}\"},\"query-input\":{\"@type\":\"PropertyValueSpecification\",\"valueRequired\":true,\"valueName\":\"search_term_string\"}}],\"inLanguage\":\"eu-ES\"},{\"@type\":\"Organization\",\"@id\":\"https:\/\/ampofoundry.com\/es\/#organization\",\"name\":\"Ampo Foundry & Forgings\",\"url\":\"https:\/\/ampofoundry.com\/es\/\",\"logo\":{\"@type\":\"ImageObject\",\"inLanguage\":\"eu-ES\",\"@id\":\"https:\/\/ampofoundry.com\/es\/#\/schema\/logo\/image\/\",\"url\":\"https:\/\/ampofoundry.com\/wp-content\/uploads\/2023\/09\/logo-foundry-forgings.png\",\"contentUrl\":\"https:\/\/ampofoundry.com\/wp-content\/uploads\/2023\/09\/logo-foundry-forgings.png\",\"width\":386,\"height\":194,\"caption\":\"Ampo Foundry & Forgings\"},\"image\":{\"@id\":\"https:\/\/ampofoundry.com\/es\/#\/schema\/logo\/image\/\"}}]}<\/script>\n<!-- \/ Yoast SEO plugin. -->","yoast_head_json":{"title":"Cookie-politika - Ampo Foundry","robots":{"index":"index","follow":"follow","max-snippet":"max-snippet:-1","max-image-preview":"max-image-preview:large","max-video-preview":"max-video-preview:-1"},"canonical":"https:\/\/ampofoundry.com\/eu\/cookie-politika\/","og_locale":"eu_ES","og_type":"article","og_title":"Cookie-politika - Ampo Foundry","og_description":"Zer da cookie bat? Cookieak (eta objektu baliabide analogoak, hala nola lokalak, flash cookieak, web beaconak, bug-ak, eta abar) webgune batean bisitatzen duen erabiltzaileak erabiltzen duen gailuan deskargatzen diren informazio-txikien fitxategiak dira. Bere helburu nagusia, alde batetik, erabiltzailea aintzat hartzea webgunean sartzeko bakoitzean nabigazio-preferentziak ezarritakoaren arabera erakusteko; eta, halaber, bere kasuan, erabiltzailearen nabigazioa aztertu. &nbsp; [&hellip;]","og_url":"https:\/\/ampofoundry.com\/eu\/cookie-politika\/","og_site_name":"Ampo Foundry","article_modified_time":"2024-09-04T13:39:46+00:00","twitter_card":"summary_large_image","twitter_misc":{"Est. reading time":"6 minutes"},"schema":{"@context":"https:\/\/schema.org","@graph":[{"@type":"WebPage","@id":"https:\/\/ampofoundry.com\/eu\/cookie-politika\/","url":"https:\/\/ampofoundry.com\/eu\/cookie-politika\/","name":"Cookie-politika - Ampo Foundry","isPartOf":{"@id":"https:\/\/ampofoundry.com\/es\/#website"},"datePublished":"2023-06-26T10:34:12+00:00","dateModified":"2024-09-04T13:39:46+00:00","breadcrumb":{"@id":"https:\/\/ampofoundry.com\/eu\/cookie-politika\/#breadcrumb"},"inLanguage":"eu-ES","potentialAction":[{"@type":"ReadAction","target":["https:\/\/ampofoundry.com\/eu\/cookie-politika\/"]}]},{"@type":"BreadcrumbList","@id":"https:\/\/ampofoundry.com\/eu\/cookie-politika\/#breadcrumb","itemListElement":[{"@type":"ListItem","position":1,"name":"Portada","item":"https:\/\/ampofoundry.com\/eu\/"},{"@type":"ListItem","position":2,"name":"Cookie-politika"}]},{"@type":"WebSite","@id":"https:\/\/ampofoundry.com\/es\/#website","url":"https:\/\/ampofoundry.com\/es\/","name":"Ampo Foundry & Forgings","description":"","publisher":{"@id":"https:\/\/ampofoundry.com\/es\/#organization"},"potentialAction":[{"@type":"SearchAction","target":{"@type":"EntryPoint","urlTemplate":"https:\/\/ampofoundry.com\/es\/?s={search_term_string}"},"query-input":{"@type":"PropertyValueSpecification","valueRequired":true,"valueName":"search_term_string"}}],"inLanguage":"eu-ES"},{"@type":"Organization","@id":"https:\/\/ampofoundry.com\/es\/#organization","name":"Ampo Foundry & Forgings","url":"https:\/\/ampofoundry.com\/es\/","logo":{"@type":"ImageObject","inLanguage":"eu-ES","@id":"https:\/\/ampofoundry.com\/es\/#\/schema\/logo\/image\/","url":"https:\/\/ampofoundry.com\/wp-content\/uploads\/2023\/09\/logo-foundry-forgings.png","contentUrl":"https:\/\/ampofoundry.com\/wp-content\/uploads\/2023\/09\/logo-foundry-forgings.png","width":386,"height":194,"caption":"Ampo Foundry & Forgings"},"image":{"@id":"https:\/\/ampofoundry.com\/es\/#\/schema\/logo\/image\/"}}]}},"_links":{"self":[{"href":"https:\/\/ampofoundry.com\/eu\/wp-json\/wp\/v2\/pages\/12321","targetHints":{"allow":["GET"]}}],"collection":[{"href":"https:\/\/ampofoundry.com\/eu\/wp-json\/wp\/v2\/pages"}],"about":[{"href":"https:\/\/ampofoundry.com\/eu\/wp-json\/wp\/v2\/types\/page"}],"author":[{"embeddable":true,"href":"https:\/\/ampofoundry.com\/eu\/wp-json\/wp\/v2\/users\/1"}],"replies":[{"embeddable":true,"href":"https:\/\/ampofoundry.com\/eu\/wp-json\/wp\/v2\/comments?post=12321"}],"version-history":[{"count":3,"href":"https:\/\/ampofoundry.com\/eu\/wp-json\/wp\/v2\/pages\/12321\/revisions"}],"predecessor-version":[{"id":12400,"href":"https:\/\/ampofoundry.com\/eu\/wp-json\/wp\/v2\/pages\/12321\/revisions\/12400"}],"wp:attachment":[{"href":"https:\/\/ampofoundry.com\/eu\/wp-json\/wp\/v2\/media?parent=12321"}],"curies":[{"name":"wp","href":"https:\/\/api.w.org\/{rel}","templated":true}]}}